{"id":6,"date":"2015-11-20T13:38:23","date_gmt":"2015-11-20T12:38:23","guid":{"rendered":"http:\/\/zwartevalk.net\/?page_id=6"},"modified":"2025-02-07T09:11:27","modified_gmt":"2025-02-07T08:11:27","slug":"home","status":"publish","type":"page","link":"https:\/\/zwartevalk.net\/de\/","title":{"rendered":"Home"},"content":{"rendered":"<div class=\"wpb-content-wrapper\"><p>[vc_row full_width=&#8220;stretch_row_content_no_spaces&#8220; el_class=&#8220;separator&#8220; css=&#8220;.vc_custom_1452511406700{margin-top: 5px !important;margin-bottom: 8px !important;}&#8220;][vc_column][vc_separator color=&#8220;peacoc&#8220; style=&#8220;dashed&#8220; border_width=&#8220;2&#8243;][\/vc_column][\/vc_row][vc_row bg_type=&#8220;image&#8220; parallax_style=&#8220;vcpb-default&#8220; bg_image_new=&#8220;45|https:\/\/zwartevalk.net\/wp-content\/uploads\/2015\/11\/achtergrond-zeil.jpg&#8220; bg_override=&#8220;ex-full&#8220; css=&#8220;.vc_custom_1455029732160{margin-top: 0px !important;margin-bottom: 0px !important;padding-top: 2em !important;padding-bottom: 2em !important;}&#8220; el_class=&#8220;rij-dotted&#8220;][vc_column width=&#8220;1\/2&#8243;][vc_row_inner el_class=&#8220;krimpen&#8220;][vc_column_inner width=&#8220;1\/3&#8243;][vc_single_image image=&#8220;48&#8243; alignment=&#8220;center&#8220; onclick=&#8220;custom_link&#8220; link=&#8220;\/nl&#8220; el_class=&#8220;vlag&#8220;][vc_column_text el_class=&#8220;welkom&#8220;]<\/p>\n<h2 style=\"text-align: center;\"><a href=\"\/nl\">Welkom aan boord<\/a><\/h2>\n<p>[\/vc_column_text][\/vc_column_inner][vc_column_inner width=&#8220;1\/3&#8243;][vc_single_image image=&#8220;46&#8243; alignment=&#8220;center&#8220; onclick=&#8220;custom_link&#8220; link=&#8220;\/de&#8220; el_class=&#8220;vlag&#8220;][vc_column_text el_class=&#8220;welkom&#8220;]<\/p>\n<h2 style=\"text-align: center;\"><a href=\"\/de\">Wilkommen an Bord<\/a><\/h2>\n<p>[\/vc_column_text][\/vc_column_inner][vc_column_inner width=&#8220;1\/3&#8243;][vc_single_image image=&#8220;47&#8243; alignment=&#8220;center&#8220; onclick=&#8220;custom_link&#8220; link=&#8220;\/en&#8220; el_class=&#8220;vlag&#8220;][vc_column_text el_class=&#8220;welkom&#8220;]<\/p>\n<h2 style=\"text-align: center;\"><a href=\"\/en\">Welcome on board<\/a><\/h2>\n<p>[\/vc_column_text][\/vc_column_inner][\/vc_row_inner][\/vc_column][vc_column width=&#8220;1\/2&#8243; css=&#8220;.vc_custom_1452511588181{margin-bottom: 30px !important;border-top-width: 2px !important;border-right-width: 2px !important;border-bottom-width: 2px !important;border-left-width: 2px !important;padding-top: 20px !important;padding-right: 20px !important;padding-bottom: 20px !important;padding-left: 20px !important;background-color: rgba(101,152,202,0.6) !important;*background-color: rgb(101,152,202) !important;border-left-color: #6598ca !important;border-left-style: dashed !important;border-right-color: #6598ca !important;border-right-style: dashed !important;border-top-color: #6598ca !important;border-top-style: dashed !important;border-bottom-color: #6598ca !important;border-bottom-style: dashed !important;}&#8220; el_class=&#8220;vak-blauw&#8220;][vc_column_text]<\/p>\n<h2 class=\"vc_custom_heading\" style=\"text-align: center;\">Buchen Sie eine Tour mit dem Zwarte Valk!<\/h2>\n<p style=\"text-align: center;\"><span id=\"result_box\" class=\"\" lang=\"de\"><span class=\"hps\">Sind Sie<\/span> <span class=\"hps\">ein Abenteurer<\/span>? <span class=\"hps\">M\u00f6chten Sie mal was anderes<\/span>? <span class=\"hps\">Erleben Sie<\/span> <span class=\"hps\">gemeinsam mit<\/span> <span class=\"hps\">uns ein gro\u00dfes<\/span> <span class=\"hps\">Segelabenteuer<\/span><span class=\"\">.<\/span><\/span><\/p>\n<p>[\/vc_column_text][vc_btn title=&#8220;Jetzt buchen!&#8220; shape=&#8220;square&#8220; size=&#8220;lg&#8220; align=&#8220;center&#8220; link=&#8220;url:%2Fboeken%2F||&#8220; css=&#8220;.vc_custom_1453475351298{margin-top: 2em !important;}&#8220;][\/vc_column][\/vc_row][vc_row full_width=&#8220;stretch_row_content_no_spaces&#8220; css=&#8220;.vc_custom_1448633501975{margin-top: 5px !important;margin-bottom: 5px !important;}&#8220; el_class=&#8220;separator&#8220;][vc_column][vc_separator color=&#8220;peacoc&#8220; style=&#8220;dashed&#8220; border_width=&#8220;2&#8243;][\/vc_column][\/vc_row][vc_row css=&#8220;.vc_custom_1448634502719{padding-top: 2em !important;padding-bottom: 2em !important;}&#8220;][vc_column][vc_column_text]<\/p>\n<h1 class=\"vc_custom_heading\" style=\"text-align: center;\">Willkommen auf Segelschiff \u00a0Zwarte Valk<\/h1>\n<p style=\"text-align: center;\">Die Zwarte Valk ist ein segelendes Passagierschiff von 1889.<br \/>\nUrspr\u00fcnglich gebaut als Frachtschiff, in 2008 umgebaut zu einer bequemen Unterkunft f\u00fcr 16 Personen.<br \/>\nF\u00fcr einen Tagesausflug k\u00f6nnen 29 Personen mit.<\/p>\n<p style=\"text-align: center;\">Gastfrau und Skipper Jantine nimmt sie gerne auf eine besondere Fahrt \u00fcber das Wattenmeer oder IJsselmeer mit.<br \/>\nEine Nacht vor Anker oder trockenfallen auf einer Sandbank, aufgrund ihrer grossen Erfahrung kennt sie die sch\u00f6nsten Stellen. Segelerfahrung brauchen sie nicht, sie k\u00f6nnen immer mithelfen. Jantine empf\u00e4ngt sie auch gerne f\u00fcr eine \u00dcbernachtung an Bord, wenn sie wollen mit einem leckeren Fr\u00fchst\u00fcck.<\/p>\n<p>[\/vc_column_text][vc_btn title=&#8220;Lesen Sie mehr \u00fcber uns&#8220; shape=&#8220;square&#8220; color=&#8220;chino&#8220; align=&#8220;center&#8220; link=&#8220;url:%2Fover-ons%2F||&#8220; css=&#8220;.vc_custom_1452519289512{margin-top: 2em !important;}&#8220;][\/vc_column][\/vc_row][vc_row full_width=&#8220;stretch_row_content_no_spaces&#8220; css=&#8220;.vc_custom_1450450782968{padding-top: 0px !important;padding-bottom: 0px !important;}&#8220; el_class=&#8220;top1px&#8220;][vc_column css=&#8220;.vc_custom_1455029752735{padding-top: 0px !important;background-color: #000000 !important;}&#8220;][vc_media_grid element_width=&#8220;2&#8243; gap=&#8220;0&#8243; grid_id=&#8220;vc_gid:1457015681665-f5ff9058-a5f7-0&#8243; include=&#8220;380,76,317,75,330,293&#8243; css=&#8220;.vc_custom_1454580062054{margin-bottom: 0px !important;}&#8220;][\/vc_column][\/vc_row][vc_row bg_type=&#8220;bg_color&#8220; bg_override=&#8220;full&#8220; bg_color_value=&#8220;#6598ca&#8220; el_class=&#8220;bg-blauw&#8220;][vc_column][vc_btn title=&#8220;Galerie anzeigen&#8220; shape=&#8220;square&#8220; align=&#8220;center&#8220; link=&#8220;url:https%3A%2F%2Fzwartevalk.net%2Ffotos%2F|title:Foto&#8217;s|&#8220;][\/vc_column][\/vc_row][vc_row bg_type=&#8220;bg_color&#8220; bg_override=&#8220;ex-full&#8220; bg_color_value=&#8220;#cdc4bb&#8220; el_class=&#8220;bg-lichtgrijs&#8220;][vc_column width=&#8220;1\/2&#8243;][vc_column_text]<\/p>\n<h2>Letzte Nachrichten<\/h2>\n<p>[\/vc_column_text][vc_btn title=&#8220;Weitere Nachrichten&#8220; shape=&#8220;square&#8220; color=&#8220;default&#8220; align=&#8220;left&#8220; link=&#8220;url:https%3A%2F%2Fzwartevalk.net%2Fnieuws|title:Weitere%20Nachrichten|&#8220; css=&#8220;.vc_custom_1452520238915{margin-top: 2em !important;}&#8220;][\/vc_column][vc_column width=&#8220;1\/2&#8243;][vc_raw_html]JTNDZGl2JTIwaWQlM0QlMjJmYi1yb290JTIyJTNFJTNDJTJGZGl2JTNFJTBBJTNDc2NyaXB0JTNFJTI4ZnVuY3Rpb24lMjhkJTJDJTIwcyUyQyUyMGlkJTI5JTIwJTdCJTBBJTIwJTIwdmFyJTIwanMlMkMlMjBmanMlMjAlM0QlMjBkLmdldEVsZW1lbnRzQnlUYWdOYW1lJTI4cyUyOSU1QjAlNUQlM0IlMEElMjAlMjBpZiUyMCUyOGQuZ2V0RWxlbWVudEJ5SWQlMjhpZCUyOSUyOSUyMHJldHVybiUzQiUwQSUyMCUyMGpzJTIwJTNEJTIwZC5jcmVhdGVFbGVtZW50JTI4cyUyOSUzQiUyMGpzLmlkJTIwJTNEJTIwaWQlM0IlMEElMjAlMjBqcy5zcmMlMjAlM0QlMjAlMjIlMkYlMkZjb25uZWN0LmZhY2Vib29rLm5ldCUyRm5sX05MJTJGc2RrLmpzJTIzeGZibWwlM0QxJTI2dmVyc2lvbiUzRHYyLjAlMjIlM0IlMEElMjAlMjBmanMucGFyZW50Tm9kZS5pbnNlcnRCZWZvcmUlMjhqcyUyQyUyMGZqcyUyOSUzQiUwQSU3RCUyOGRvY3VtZW50JTJDJTIwJTI3c2NyaXB0JTI3JTJDJTIwJTI3ZmFjZWJvb2stanNzZGslMjclMjklMjklM0IlM0MlMkZzY3JpcHQlM0UlMEElMEElM0NkaXYlMjBjbGFzcyUzRCUyMmZiLWxpa2UtYm94JTIyJTIwZGF0YS1ocmVmJTNEJTIyaHR0cHMlM0ElMkYlMkZ3d3cuZmFjZWJvb2suY29tJTJGWndhcnRlLVZhbGstMTQzMTE5ODAyNDE2MDk0JTJGJTIyZGF0YS1jb2xvcnNjaGVtZSUzRCUyMmxpZ2h0JTIyJTIwZGF0YS1oZWlnaHQlM0QlMjI1NjAlMjIlMjBkYXRhLXdpZHRoJTNEJTIyNDYwJTIyZGF0YS1zaG93LWZhY2VzJTNEJTIyZmFsc2UlMjIlMjBkYXRhLWhlYWRlciUzRCUyMmZhbHNlJTIyJTIwZGF0YS1zdHJlYW0lM0QlMjJ0cnVlJTIyJTIwZGF0YS1zaG93LWJvcmRlciUzRCUyMnRydWUlMjIlM0UlMEElM0MlMkZkaXYlM0U=[\/vc_raw_html][\/vc_column][\/vc_row][vc_row bg_type=&#8220;bg_color&#8220; bg_override=&#8220;ex-full&#8220; bg_color_value=&#8220;#c0b6ac&#8220;][vc_column el_class=&#8220;bg-lichtgrijs&#8220;][\/vc_column][\/vc_row]<\/p>\n<\/div>","protected":false},"excerpt":{"rendered":"<p>[vc_row full_width=&#8220;stretch_row_content_no_spaces&#8220; el_class=&#8220;separator&#8220; css=&#8220;.vc_custom_1452511406700{margin-top: 5px !important;margin-bottom: 8px !important;}&#8220;][vc_column][vc_separator color=&#8220;peacoc&#8220; style=&#8220;dashed&#8220; border_width=&#8220;2&#8243;][\/vc_column][\/vc_row][vc_row bg_type=&#8220;image&#8220; parallax_style=&#8220;vcpb-default&#8220; bg_image_new=&#8220;45|https:\/\/zwartevalk.net\/wp-content\/uploads\/2015\/11\/achtergrond-zeil.jpg&#8220; bg_override=&#8220;ex-full&#8220; css=&#8220;.vc_custom_1455029732160{margin-top: 0px !important;margin-bottom: 0px !important;padding-top: 2em !important;padding-bottom: 2em !important;}&#8220; el_class=&#8220;rij-dotted&#8220;][vc_column width=&#8220;1\/2&#8243;][vc_row_inner el_class=&#8220;krimpen&#8220;][vc_column_inner width=&#8220;1\/3&#8243;][vc_single_image image=&#8220;48&#8243; alignment=&#8220;center&#8220; onclick=&#8220;custom_link&#8220; link=&#8220;\/nl&#8220; el_class=&#8220;vlag&#8220;][vc_column_text el_class=&#8220;welkom&#8220;] Welkom aan boord [\/vc_column_text][\/vc_column_inner][vc_column_inner width=&#8220;1\/3&#8243;][vc_single_image image=&#8220;46&#8243; alignment=&#8220;center&#8220; onclick=&#8220;custom_link&#8220; link=&#8220;\/de&#8220; el_class=&#8220;vlag&#8220;][vc_column_text el_class=&#8220;welkom&#8220;] Wilkommen an Bord [\/vc_column_text][\/vc_column_inner][vc_column_inner width=&#8220;1\/3&#8243;][vc_single_image image=&#8220;47&#8243; alignment=&#8220;center&#8220; onclick=&#8220;custom_link&#8220; link=&#8220;\/en&#8220; el_class=&#8220;vlag&#8220;][vc_column_text [&hellip;]<\/p>\n","protected":false},"author":1,"featured_media":0,"parent":0,"menu_order":4,"comment_status":"closed","ping_status":"closed","template":"","meta":{"footnotes":""},"class_list":["post-6","page","type-page","status-publish","hentry"],"yoast_head":"<!-- This site is optimized with the Yoast SEO plugin v24.4 - https:\/\/yoast.com\/wordpress\/plugins\/seo\/ -->\n<title>Zeilreizen over het Wad en IJsselmeer met Zwarte Valk<\/title>\n<meta name=\"description\" content=\"Zoek je een zeilschip voor unieke zeilreizen\" \/>\n<meta name=\"robots\" content=\"index, follow, max-snippet:-1, max-image-preview:large, max-video-preview:-1\" \/>\n<link rel=\"canonical\" href=\"https:\/\/zwartevalk.net\/\" \/>\n<meta property=\"og:locale\" content=\"de_DE\" \/>\n<meta property=\"og:type\" content=\"article\" \/>\n<meta property=\"og:title\" content=\"Zeilreizen over het Wad en IJsselmeer met Zwarte Valk\" \/>\n<meta property=\"og:description\" content=\"Zoek je een zeilschip voor unieke zeilreizen\" \/>\n<meta property=\"og:url\" content=\"https:\/\/zwartevalk.net\/\" \/>\n<meta property=\"og:site_name\" content=\"Zwarte Valk\" \/>\n<meta property=\"article:modified_time\" content=\"2025-02-07T08:11:27+00:00\" \/>\n<meta name=\"twitter:card\" content=\"summary_large_image\" \/>\n<meta name=\"twitter:label1\" content=\"Gesch\u00e4tzte Lesezeit\" \/>\n\t<meta name=\"twitter:data1\" content=\"4\u00a0Minuten\" \/>\n<script type=\"application\/ld+json\" class=\"yoast-schema-graph\">{\"@context\":\"https:\/\/schema.org\",\"@graph\":[{\"@type\":\"WebPage\",\"@id\":\"https:\/\/zwartevalk.net\/\",\"url\":\"https:\/\/zwartevalk.net\/\",\"name\":\"Zeilreizen over het Wad en IJsselmeer met Zwarte Valk\",\"isPartOf\":{\"@id\":\"https:\/\/zwartevalk.net\/en\/#website\"},\"datePublished\":\"2015-11-20T12:38:23+00:00\",\"dateModified\":\"2025-02-07T08:11:27+00:00\",\"description\":\"Zoek je een zeilschip voor unieke zeilreizen\",\"breadcrumb\":{\"@id\":\"https:\/\/zwartevalk.net\/#breadcrumb\"},\"inLanguage\":\"de\",\"potentialAction\":[{\"@type\":\"ReadAction\",\"target\":[\"https:\/\/zwartevalk.net\/\"]}]},{\"@type\":\"BreadcrumbList\",\"@id\":\"https:\/\/zwartevalk.net\/#breadcrumb\",\"itemListElement\":[{\"@type\":\"ListItem\",\"position\":1,\"name\":\"Home\",\"item\":\"https:\/\/zwartevalk.net\/\"},{\"@type\":\"ListItem\",\"position\":2,\"name\":\"Home\"}]},{\"@type\":\"WebSite\",\"@id\":\"https:\/\/zwartevalk.net\/en\/#website\",\"url\":\"https:\/\/zwartevalk.net\/en\/\",\"name\":\"Zwarte Valk\",\"description\":\"Just another WordPress site\",\"publisher\":{\"@id\":\"https:\/\/zwartevalk.net\/en\/#organization\"},\"potentialAction\":[{\"@type\":\"SearchAction\",\"target\":{\"@type\":\"EntryPoint\",\"urlTemplate\":\"https:\/\/zwartevalk.net\/en\/?s={search_term_string}\"},\"query-input\":{\"@type\":\"PropertyValueSpecification\",\"valueRequired\":true,\"valueName\":\"search_term_string\"}}],\"inLanguage\":\"de\"},{\"@type\":\"Organization\",\"@id\":\"https:\/\/zwartevalk.net\/en\/#organization\",\"name\":\"Zeilschip De Zwarte Valk\",\"url\":\"https:\/\/zwartevalk.net\/en\/\",\"logo\":{\"@type\":\"ImageObject\",\"inLanguage\":\"de\",\"@id\":\"https:\/\/zwartevalk.net\/en\/#\/schema\/logo\/image\/\",\"url\":\"https:\/\/zwartevalk.net\/wp-content\/uploads\/2015\/12\/logo-zwartevalk.png\",\"contentUrl\":\"https:\/\/zwartevalk.net\/wp-content\/uploads\/2015\/12\/logo-zwartevalk.png\",\"width\":600,\"height\":546,\"caption\":\"Zeilschip De Zwarte Valk\"},\"image\":{\"@id\":\"https:\/\/zwartevalk.net\/en\/#\/schema\/logo\/image\/\"}}]}<\/script>\n<!-- \/ Yoast SEO plugin. -->","yoast_head_json":{"title":"Zeilreizen over het Wad en IJsselmeer met Zwarte Valk","description":"Zoek je een zeilschip voor unieke zeilreizen","robots":{"index":"index","follow":"follow","max-snippet":"max-snippet:-1","max-image-preview":"max-image-preview:large","max-video-preview":"max-video-preview:-1"},"canonical":"https:\/\/zwartevalk.net\/","og_locale":"de_DE","og_type":"article","og_title":"Zeilreizen over het Wad en IJsselmeer met Zwarte Valk","og_description":"Zoek je een zeilschip voor unieke zeilreizen","og_url":"https:\/\/zwartevalk.net\/","og_site_name":"Zwarte Valk","article_modified_time":"2025-02-07T08:11:27+00:00","twitter_card":"summary_large_image","twitter_misc":{"Gesch\u00e4tzte Lesezeit":"4\u00a0Minuten"},"schema":{"@context":"https:\/\/schema.org","@graph":[{"@type":"WebPage","@id":"https:\/\/zwartevalk.net\/","url":"https:\/\/zwartevalk.net\/","name":"Zeilreizen over het Wad en IJsselmeer met Zwarte Valk","isPartOf":{"@id":"https:\/\/zwartevalk.net\/en\/#website"},"datePublished":"2015-11-20T12:38:23+00:00","dateModified":"2025-02-07T08:11:27+00:00","description":"Zoek je een zeilschip voor unieke zeilreizen","breadcrumb":{"@id":"https:\/\/zwartevalk.net\/#breadcrumb"},"inLanguage":"de","potentialAction":[{"@type":"ReadAction","target":["https:\/\/zwartevalk.net\/"]}]},{"@type":"BreadcrumbList","@id":"https:\/\/zwartevalk.net\/#breadcrumb","itemListElement":[{"@type":"ListItem","position":1,"name":"Home","item":"https:\/\/zwartevalk.net\/"},{"@type":"ListItem","position":2,"name":"Home"}]},{"@type":"WebSite","@id":"https:\/\/zwartevalk.net\/en\/#website","url":"https:\/\/zwartevalk.net\/en\/","name":"Zwarte Valk","description":"Just another WordPress site","publisher":{"@id":"https:\/\/zwartevalk.net\/en\/#organization"},"potentialAction":[{"@type":"SearchAction","target":{"@type":"EntryPoint","urlTemplate":"https:\/\/zwartevalk.net\/en\/?s={search_term_string}"},"query-input":{"@type":"PropertyValueSpecification","valueRequired":true,"valueName":"search_term_string"}}],"inLanguage":"de"},{"@type":"Organization","@id":"https:\/\/zwartevalk.net\/en\/#organization","name":"Zeilschip De Zwarte Valk","url":"https:\/\/zwartevalk.net\/en\/","logo":{"@type":"ImageObject","inLanguage":"de","@id":"https:\/\/zwartevalk.net\/en\/#\/schema\/logo\/image\/","url":"https:\/\/zwartevalk.net\/wp-content\/uploads\/2015\/12\/logo-zwartevalk.png","contentUrl":"https:\/\/zwartevalk.net\/wp-content\/uploads\/2015\/12\/logo-zwartevalk.png","width":600,"height":546,"caption":"Zeilschip De Zwarte Valk"},"image":{"@id":"https:\/\/zwartevalk.net\/en\/#\/schema\/logo\/image\/"}}]}},"_links":{"self":[{"href":"https:\/\/zwartevalk.net\/de\/wp-json\/wp\/v2\/pages\/6","targetHints":{"allow":["GET"]}}],"collection":[{"href":"https:\/\/zwartevalk.net\/de\/wp-json\/wp\/v2\/pages"}],"about":[{"href":"https:\/\/zwartevalk.net\/de\/wp-json\/wp\/v2\/types\/page"}],"author":[{"embeddable":true,"href":"https:\/\/zwartevalk.net\/de\/wp-json\/wp\/v2\/users\/1"}],"replies":[{"embeddable":true,"href":"https:\/\/zwartevalk.net\/de\/wp-json\/wp\/v2\/comments?post=6"}],"version-history":[{"count":156,"href":"https:\/\/zwartevalk.net\/de\/wp-json\/wp\/v2\/pages\/6\/revisions"}],"predecessor-version":[{"id":919,"href":"https:\/\/zwartevalk.net\/de\/wp-json\/wp\/v2\/pages\/6\/revisions\/919"}],"wp:attachment":[{"href":"https:\/\/zwartevalk.net\/de\/wp-json\/wp\/v2\/media?parent=6"}],"curies":[{"name":"wp","href":"https:\/\/api.w.org\/{rel}","templated":true}]}}