{"id":18,"date":"2015-11-20T13:39:56","date_gmt":"2015-11-20T12:39:56","guid":{"rendered":"http:\/\/zwartevalk.net\/?page_id=18"},"modified":"2021-02-26T13:41:23","modified_gmt":"2021-02-26T12:41:23","slug":"het-schip","status":"publish","type":"page","link":"https:\/\/zwartevalk.net\/de\/het-schip\/","title":{"rendered":"Das Schiff"},"content":{"rendered":"<div class=\"wpb-content-wrapper\"><p><!--vcv no format--><\/p>\n<div class=\"vce-row-container\" data-vce-boxed-width=\"true\">\n<div class=\"vce-row vce-row--col-gap-30 vce-row-equal-height vce-row-columns--top vce-row-content--top\" id=\"el-f1421325\" data-vce-do-apply=\"all el-f1421325\">\n<div class=\"vce-row-content\" data-vce-element-content=\"true\">\n<div class=\"vce-col vce-col--md-auto vce-col--xs-1 vce-col--xs-last vce-col--xs-first vce-col--sm-last vce-col--sm-first vce-col--md-last vce-col--lg-last vce-col--xl-last vce-col--md-first vce-col--lg-first vce-col--xl-first\" id=\"el-16403ff1\">\n<div class=\"vce-col-inner\" data-vce-do-apply=\"border margin background  el-16403ff1\">\n<div class=\"vce-col-content\" data-vce-element-content=\"true\" data-vce-do-apply=\"padding el-16403ff1\">\n<div class=\"vce-text-block\">\n<div class=\"vce-text-block-wrapper vce\" id=\"el-125d9688\" data-vce-do-apply=\"all el-125d9688\">\n<p>[vc_row css=&#8220;.vc_custom_1450298699992{margin-bottom: 10px !important;}&#8220;][vc_column][vc_custom_heading source=&#8220;post_title&#8220; font_container=&#8220;tag:h1|text_align:left&#8220; google_fonts=&#8220;font_family:Merriweather%3A300%2C300italic%2Cregular%2Citalic%2C700%2C700italic%2C900%2C900italic|font_style:400%20regular%3A400%3Anormal&#8220;][vc_separator][\/vc_column][\/vc_row][vc_row][vc_column width=&#8220;2\/3&#8243;][vc_column_text]Die Zwarte Valk ist ein segelendes Passagierschiff von 1889.<br \/>\nUrspr\u00fcnglich gebaut als Frachtschiff, in 2008 umgebaut zu einer&nbsp; bequemen Unterkunft f\u00fcr 16 Personen.<br \/>\nF\u00fcr einen Tagesausflug k\u00f6nnen 29 Personen mit.<\/p>\n<p>Gastfrau und Skipper Jantine nimmt sie gerne auf eine besondere Fahrt \u00fcber das Wattenmeer oder IJsselmeer mit.<br \/>\nEine Nacht vor Anker oder trockenfallen auf einer Sandbank, aufgrund ihrer grossen Erfahrung kennt sie die sch\u00f6nsten Stellen. Segelerfahrung brauchen sie nicht, sie k\u00f6nnen immer mithelfen. Jantine empf\u00e4ngt sie auch gerne f\u00fcr eine&nbsp; \u00dcbernachtung an Bord, wenn sie wollen mit einem leckeren Fr\u00fchst\u00fcck.[\/vc_column_text][vc_media_grid gap=&#8220;15&#8243; item=&#8220;mediaGrid_FadeInWithIcon&#8220; grid_id=&#8220;vc_gid:1455277163641-7dad4b88-8d33-6&#8243; include=&#8220;292,428,330&#8243; css=&#8220;.vc_custom_1455277198074{margin-right: 15px !important;}&#8220;][\/vc_column][vc_column width=&#8220;1\/3&#8243;][vc_column_text]<\/p>\n<h4>Das Schiff<\/h4>\n<p>\n<!-- Page-list plugin v.5.9 wordpress.org\/plugins\/page-list\/ -->\n<ul class=\"page-list subpages-page-list \">\n<li class=\"page_item page-item-170\"><a href=\"https:\/\/zwartevalk.net\/de\/het-schip\/interieur\/\">Innere<\/a><\/li>\n<li class=\"page_item page-item-171\"><a href=\"https:\/\/zwartevalk.net\/de\/het-schip\/ecoschip\/\">Ecoschiff<\/a><\/li>\n<li class=\"page_item page-item-172\"><a href=\"https:\/\/zwartevalk.net\/de\/het-schip\/geschiedenis\/\">Geschichte<\/a><\/li>\n<li class=\"page_item page-item-173\"><a href=\"https:\/\/zwartevalk.net\/de\/het-schip\/restauratie\/\">Umbau<\/a><\/li>\n\n<\/ul>[\/vc_column_text][vc_separator][vc_column_text]<strong>Gr\u00f6sse<\/strong><\/p>\n<table>\n<tbody>\n<tr>\n<td>L\u00e4nge<\/td>\n<td>27,5 meter<\/td>\n<\/tr>\n<tr>\n<td><span id=\"result_box\" class=\"short_text\" lang=\"de\"><span class=\"hps\">Breite<\/span><\/span><\/td>\n<td>5,75 meter<\/td>\n<\/tr>\n<tr>\n<td><span id=\"result_box\" class=\"short_text\" lang=\"de\"><span class=\"hps alt-edited\">Tiefgang<\/span><\/span><\/td>\n<td>0,95 meter<\/td>\n<\/tr>\n<tr>\n<td><span id=\"result_box\" class=\"short_text\" tabindex=\"-1\" lang=\"de\"><span class=\"hps\">Segelfl\u00e4che<\/span><\/span><\/td>\n<td>220 m<sup>2<\/sup><\/td>\n<\/tr>\n<\/tbody>\n<\/table>\n<p>[\/vc_column_text][vc_column_text]<strong>Format<\/strong><br \/>\n8 2 Doppelkabinen<br \/>\n2 Toiletten<br \/>\n2 Duschen<br \/>\nK\u00fcche mit Sechs-Flammen-Herd mit Backofen, zwei K\u00fchlschr\u00e4nke und Geschirrsp\u00fcler.<\/p>\n<p>Aufenthaltsraum&nbsp;mit zwei Tischen, Lounge-Sofa, Stereoanlage mit USB-Anschluss, Spiele und Bibliothek[\/vc_column_text][\/vc_column][\/vc_row]<\/p>\n<\/div>\n<\/div>\n<\/div>\n<\/div>\n<\/div>\n<\/div>\n<\/div>\n<\/div>\n<p><!--vcv no format--><\/p>\n<\/div>","protected":false},"excerpt":{"rendered":"<p>[vc_row css=&#8220;.vc_custom_1450298699992{margin-bottom: 10px !important;}&#8220;][vc_column][vc_custom_heading source=&#8220;post_title&#8220; font_container=&#8220;tag:h1|text_align:left&#8220; google_fonts=&#8220;font_family:Merriweather%3A300%2C300italic%2Cregular%2Citalic%2C700%2C700italic%2C900%2C900italic|font_style:400%20regular%3A400%3Anormal&#8220;][vc_separator][\/vc_column][\/vc_row][vc_row][vc_column width=&#8220;2\/3&#8243;][vc_column_text]Die Zwarte Valk ist ein segelendes Passagierschiff von 1889. Urspr\u00fcnglich gebaut als Frachtschiff, in 2008 umgebaut zu einer&nbsp; bequemen Unterkunft f\u00fcr 16 Personen. F\u00fcr einen Tagesausflug k\u00f6nnen 29 Personen mit. Gastfrau und Skipper Jantine nimmt sie gerne auf eine besondere Fahrt \u00fcber das Wattenmeer oder IJsselmeer mit. Eine [&hellip;]<\/p>\n","protected":false},"author":1,"featured_media":0,"parent":0,"menu_order":5,"comment_status":"closed","ping_status":"closed","template":"","meta":{"footnotes":""},"class_list":["post-18","page","type-page","status-publish","hentry"],"yoast_head":"<!-- This site is optimized with the Yoast SEO plugin v24.4 - https:\/\/yoast.com\/wordpress\/plugins\/seo\/ -->\n<title>Das Schiff - Zwarte Valk<\/title>\n<meta name=\"robots\" content=\"index, follow, max-snippet:-1, max-image-preview:large, max-video-preview:-1\" \/>\n<link rel=\"canonical\" href=\"https:\/\/zwartevalk.net\/het-schip\/\" \/>\n<meta property=\"og:locale\" content=\"de_DE\" \/>\n<meta property=\"og:type\" content=\"article\" \/>\n<meta property=\"og:title\" content=\"Das Schiff - Zwarte Valk\" \/>\n<meta property=\"og:description\" content=\"[vc_row css=&#8220;.vc_custom_1450298699992{margin-bottom: 10px !important;}&#8220;][vc_column][vc_custom_heading source=&#8220;post_title&#8220; font_container=&#8220;tag:h1|text_align:left&#8220; google_fonts=&#8220;font_family:Merriweather%3A300%2C300italic%2Cregular%2Citalic%2C700%2C700italic%2C900%2C900italic|font_style:400%20regular%3A400%3Anormal&#8220;][vc_separator][\/vc_column][\/vc_row][vc_row][vc_column width=&#8220;2\/3&#8243;][vc_column_text]Die Zwarte Valk ist ein segelendes Passagierschiff von 1889. Urspr\u00fcnglich gebaut als Frachtschiff, in 2008 umgebaut zu einer&nbsp; bequemen Unterkunft f\u00fcr 16 Personen. F\u00fcr einen Tagesausflug k\u00f6nnen 29 Personen mit. Gastfrau und Skipper Jantine nimmt sie gerne auf eine besondere Fahrt \u00fcber das Wattenmeer oder IJsselmeer mit. Eine [&hellip;]\" \/>\n<meta property=\"og:url\" content=\"https:\/\/zwartevalk.net\/het-schip\/\" \/>\n<meta property=\"og:site_name\" content=\"Zwarte Valk\" \/>\n<meta property=\"article:modified_time\" content=\"2021-02-26T12:41:23+00:00\" \/>\n<meta name=\"twitter:card\" content=\"summary_large_image\" \/>\n<meta name=\"twitter:label1\" content=\"Gesch\u00e4tzte Lesezeit\" \/>\n\t<meta name=\"twitter:data1\" content=\"4\u00a0Minuten\" \/>\n<script type=\"application\/ld+json\" class=\"yoast-schema-graph\">{\"@context\":\"https:\/\/schema.org\",\"@graph\":[{\"@type\":\"WebPage\",\"@id\":\"https:\/\/zwartevalk.net\/het-schip\/\",\"url\":\"https:\/\/zwartevalk.net\/het-schip\/\",\"name\":\"Das Schiff - Zwarte Valk\",\"isPartOf\":{\"@id\":\"https:\/\/zwartevalk.net\/en\/#website\"},\"datePublished\":\"2015-11-20T12:39:56+00:00\",\"dateModified\":\"2021-02-26T12:41:23+00:00\",\"breadcrumb\":{\"@id\":\"https:\/\/zwartevalk.net\/het-schip\/#breadcrumb\"},\"inLanguage\":\"de\",\"potentialAction\":[{\"@type\":\"ReadAction\",\"target\":[\"https:\/\/zwartevalk.net\/het-schip\/\"]}]},{\"@type\":\"BreadcrumbList\",\"@id\":\"https:\/\/zwartevalk.net\/het-schip\/#breadcrumb\",\"itemListElement\":[{\"@type\":\"ListItem\",\"position\":1,\"name\":\"Home\",\"item\":\"https:\/\/zwartevalk.net\/\"},{\"@type\":\"ListItem\",\"position\":2,\"name\":\"Het schip\"}]},{\"@type\":\"WebSite\",\"@id\":\"https:\/\/zwartevalk.net\/en\/#website\",\"url\":\"https:\/\/zwartevalk.net\/en\/\",\"name\":\"Zwarte Valk\",\"description\":\"Just another WordPress site\",\"publisher\":{\"@id\":\"https:\/\/zwartevalk.net\/en\/#organization\"},\"potentialAction\":[{\"@type\":\"SearchAction\",\"target\":{\"@type\":\"EntryPoint\",\"urlTemplate\":\"https:\/\/zwartevalk.net\/en\/?s={search_term_string}\"},\"query-input\":{\"@type\":\"PropertyValueSpecification\",\"valueRequired\":true,\"valueName\":\"search_term_string\"}}],\"inLanguage\":\"de\"},{\"@type\":\"Organization\",\"@id\":\"https:\/\/zwartevalk.net\/en\/#organization\",\"name\":\"Zeilschip De Zwarte Valk\",\"url\":\"https:\/\/zwartevalk.net\/en\/\",\"logo\":{\"@type\":\"ImageObject\",\"inLanguage\":\"de\",\"@id\":\"https:\/\/zwartevalk.net\/en\/#\/schema\/logo\/image\/\",\"url\":\"https:\/\/zwartevalk.net\/wp-content\/uploads\/2015\/12\/logo-zwartevalk.png\",\"contentUrl\":\"https:\/\/zwartevalk.net\/wp-content\/uploads\/2015\/12\/logo-zwartevalk.png\",\"width\":600,\"height\":546,\"caption\":\"Zeilschip De Zwarte Valk\"},\"image\":{\"@id\":\"https:\/\/zwartevalk.net\/en\/#\/schema\/logo\/image\/\"}}]}<\/script>\n<!-- \/ Yoast SEO plugin. -->","yoast_head_json":{"title":"Das Schiff - Zwarte Valk","robots":{"index":"index","follow":"follow","max-snippet":"max-snippet:-1","max-image-preview":"max-image-preview:large","max-video-preview":"max-video-preview:-1"},"canonical":"https:\/\/zwartevalk.net\/het-schip\/","og_locale":"de_DE","og_type":"article","og_title":"Das Schiff - Zwarte Valk","og_description":"[vc_row css=&#8220;.vc_custom_1450298699992{margin-bottom: 10px !important;}&#8220;][vc_column][vc_custom_heading source=&#8220;post_title&#8220; font_container=&#8220;tag:h1|text_align:left&#8220; google_fonts=&#8220;font_family:Merriweather%3A300%2C300italic%2Cregular%2Citalic%2C700%2C700italic%2C900%2C900italic|font_style:400%20regular%3A400%3Anormal&#8220;][vc_separator][\/vc_column][\/vc_row][vc_row][vc_column width=&#8220;2\/3&#8243;][vc_column_text]Die Zwarte Valk ist ein segelendes Passagierschiff von 1889. Urspr\u00fcnglich gebaut als Frachtschiff, in 2008 umgebaut zu einer&nbsp; bequemen Unterkunft f\u00fcr 16 Personen. F\u00fcr einen Tagesausflug k\u00f6nnen 29 Personen mit. Gastfrau und Skipper Jantine nimmt sie gerne auf eine besondere Fahrt \u00fcber das Wattenmeer oder IJsselmeer mit. Eine [&hellip;]","og_url":"https:\/\/zwartevalk.net\/het-schip\/","og_site_name":"Zwarte Valk","article_modified_time":"2021-02-26T12:41:23+00:00","twitter_card":"summary_large_image","twitter_misc":{"Gesch\u00e4tzte Lesezeit":"4\u00a0Minuten"},"schema":{"@context":"https:\/\/schema.org","@graph":[{"@type":"WebPage","@id":"https:\/\/zwartevalk.net\/het-schip\/","url":"https:\/\/zwartevalk.net\/het-schip\/","name":"Das Schiff - Zwarte Valk","isPartOf":{"@id":"https:\/\/zwartevalk.net\/en\/#website"},"datePublished":"2015-11-20T12:39:56+00:00","dateModified":"2021-02-26T12:41:23+00:00","breadcrumb":{"@id":"https:\/\/zwartevalk.net\/het-schip\/#breadcrumb"},"inLanguage":"de","potentialAction":[{"@type":"ReadAction","target":["https:\/\/zwartevalk.net\/het-schip\/"]}]},{"@type":"BreadcrumbList","@id":"https:\/\/zwartevalk.net\/het-schip\/#breadcrumb","itemListElement":[{"@type":"ListItem","position":1,"name":"Home","item":"https:\/\/zwartevalk.net\/"},{"@type":"ListItem","position":2,"name":"Het schip"}]},{"@type":"WebSite","@id":"https:\/\/zwartevalk.net\/en\/#website","url":"https:\/\/zwartevalk.net\/en\/","name":"Zwarte Valk","description":"Just another WordPress site","publisher":{"@id":"https:\/\/zwartevalk.net\/en\/#organization"},"potentialAction":[{"@type":"SearchAction","target":{"@type":"EntryPoint","urlTemplate":"https:\/\/zwartevalk.net\/en\/?s={search_term_string}"},"query-input":{"@type":"PropertyValueSpecification","valueRequired":true,"valueName":"search_term_string"}}],"inLanguage":"de"},{"@type":"Organization","@id":"https:\/\/zwartevalk.net\/en\/#organization","name":"Zeilschip De Zwarte Valk","url":"https:\/\/zwartevalk.net\/en\/","logo":{"@type":"ImageObject","inLanguage":"de","@id":"https:\/\/zwartevalk.net\/en\/#\/schema\/logo\/image\/","url":"https:\/\/zwartevalk.net\/wp-content\/uploads\/2015\/12\/logo-zwartevalk.png","contentUrl":"https:\/\/zwartevalk.net\/wp-content\/uploads\/2015\/12\/logo-zwartevalk.png","width":600,"height":546,"caption":"Zeilschip De Zwarte Valk"},"image":{"@id":"https:\/\/zwartevalk.net\/en\/#\/schema\/logo\/image\/"}}]}},"_links":{"self":[{"href":"https:\/\/zwartevalk.net\/de\/wp-json\/wp\/v2\/pages\/18","targetHints":{"allow":["GET"]}}],"collection":[{"href":"https:\/\/zwartevalk.net\/de\/wp-json\/wp\/v2\/pages"}],"about":[{"href":"https:\/\/zwartevalk.net\/de\/wp-json\/wp\/v2\/types\/page"}],"author":[{"embeddable":true,"href":"https:\/\/zwartevalk.net\/de\/wp-json\/wp\/v2\/users\/1"}],"replies":[{"embeddable":true,"href":"https:\/\/zwartevalk.net\/de\/wp-json\/wp\/v2\/comments?post=18"}],"version-history":[{"count":27,"href":"https:\/\/zwartevalk.net\/de\/wp-json\/wp\/v2\/pages\/18\/revisions"}],"predecessor-version":[{"id":833,"href":"https:\/\/zwartevalk.net\/de\/wp-json\/wp\/v2\/pages\/18\/revisions\/833"}],"wp:attachment":[{"href":"https:\/\/zwartevalk.net\/de\/wp-json\/wp\/v2\/media?parent=18"}],"curies":[{"name":"wp","href":"https:\/\/api.w.org\/{rel}","templated":true}]}}