{"id":173,"date":"2015-12-16T13:30:38","date_gmt":"2015-12-16T12:30:38","guid":{"rendered":"http:\/\/zwartevalk.net\/het-schip\/restauratie\/"},"modified":"2016-02-12T13:26:57","modified_gmt":"2016-02-12T12:26:57","slug":"restauratie","status":"publish","type":"page","link":"https:\/\/zwartevalk.net\/de\/het-schip\/restauratie\/","title":{"rendered":"Umbau"},"content":{"rendered":"<div class=\"wpb-content-wrapper\"><p>[vc_row][vc_column][vc_custom_heading source=&#8220;post_title&#8220; font_container=&#8220;tag:h1|text_align:left&#8220; google_fonts=&#8220;font_family:Merriweather%3A300%2C300italic%2Cregular%2Citalic%2C700%2C700italic%2C900%2C900italic|font_style:400%20regular%3A400%3Anormal&#8220;][vc_separator][\/vc_column][\/vc_row][vc_row][vc_column width=&#8220;2\/3&#8243;][vc_column_text]Im September 2006 Zug die Zwarte Valk um von Almere nach Harlingen. In Harlingen haben wir sie aus dem Wasser holen lassen und haben die Grosse Arbeit angefangen. Die Masten runter, die Skipperwohnung aus Holz runter. Innen komplett ausgeleert, alles, alles Weg. Sogar der Motor.<\/p>\n<p>In Juli 2007 hat Arjoderik die Umbau angefangen, zusammen mit Kumpel Karst. Als erster war die Stahl Hull d&#8217;ran. Der ganze Boden ist ersetzt, so wie der Skipperwohnung; der kann erst zu gemacht werden wenn die neuen Wassertanks geliefert, und reingebracht, sind. Ansonsten sind die Reling, Bezanmast und Bezanmastfuss, die Poller ersetzt und im neuen Hinterdeck kommt eine grosse L\u00fccke damit der Motor in Maschinenraum kommt. Vor der Skipperwohnung wird einen Sitzecke gemacht damit mann nachher sch\u00f6n draussen sitzen kann. Alle Bullaugen neu, sowie die L\u00f6cher f\u00fcr Fenster und Eing\u00e4ngen.<\/p>\n<p>Im April 2008 sind die Stahlarbeiten fertig und konnte die Zwarte Valk seit anderthalb Jahren wieder Wasser sp\u00fcren. Als auch der neue Motor lief ging der erste Fahrt zum Jet-Unternehmen. Da wird mit K\u00f6rnung unter grossen Druck die alten Farbschichten und Rost beseitigt. Ein Unglaublicher Anblick, das ganze Schiff ein silbernes Grau! Schade das mann das nicht so lassen kann&#8230;.<\/p>\n<p>Also wird das Schiff in neue Farbe gespr\u00fcht. Zwei Schichten Grundierung und dann die richtige Farben. Schwarz, Braun und Weiss. Endlich hatten wir unser neue Schiff. Gl\u00e4nzend, mit Masten und der Anker wieder vor dem Bug.<\/p>\n<p>Der letzte Stufe der Umbau ist das Interieur. Unsere Zimmerer, Willemien, Siebe, Jouke und Jeroen, haben uns das Schiff \u00fcbernommen. Ich hatte kurz Schwierigkeiten mich an zu passen, ein ganzes Jahr haben wir alles zusammen geschafft und jetzt m\u00fcssen wir mit mehrere zusammen arbeiten. Die ganze Innenseite wird erstmal gegen Rost gefettet, isoliert und die Wasser-, Heizung-, und Stromleitungen werden in die Seiten gelegt. Dann haben die angefangen den Holz Rohbau zu machen. In den W\u00e4nden kommen auch verschiedene Leitungen f\u00fcr Strom und Wasser. Als die Kabinen Vorne entstanden, waren wir entt\u00e4uscht, so wenig Platz. Das passt nicht zum Loungeplan was wir hatten. Nachdem wir ein paar Nachten schlecht geschlafen hatten, haben wir entschieden die W\u00e4nde raus zu reissen und statt f\u00fcr 20 Personen das Schiff f\u00fcr 16 ein zu richten. Wir sind so Gl\u00fccklich mit den 4 Kabinen ohne stapelbett!<\/p>\n<p>F\u00fcr die Vollendung haben wir Eichenholz gew\u00e4hlt, niederl\u00e4ndisches Hartholz, kein tropisches. Ein sehr besondere Erfahrung 3 B\u00e4ume zu kaufen! Die B\u00e4ume sind in schichten ges\u00e4gt und liegen schon ein paar Jahren zu warten auf ein neues Ziel. Zwei von den B\u00e4umen kommen von der Revier vom Wasserleitungsberieb Zwolle und einen aus dem Garten von einen Baron in Vollenhove. Unsere Zimmerer haben sch\u00f6ne T\u00fcren, Fensterrahmen und Sockelleisten daraus gemacht. Aber auch der Tisch und die Treppe. Alles sch\u00f6n Dick und Robust. Jeder Holzteil ist schon 2 Mal lackiert bevor es montiert wird. Als letzte wird auch das Aufenthaltsraum eingerichtet, an der eine Seite die K\u00fcche an der andere Seite die B\u00e4nken. Die Anrichte aus Granit wird montiert sowie die Granitscheiben unter die Waschbecken in den Kabinen. In der Tisch neben der Lounge wir einen Schachbrett aus Marmor eingelegt, mit ein riesiges Danksch\u00f6n an Jeroen!<\/p>\n<p>Die letzte Wochen vor der Maidentrip gab es aussergew\u00f6hnliche Arbeitszeiten, immer von Morgens Fr\u00fch und manchmal bis tief in der Nacht. Mit grossartiger Hilfe ist es gelungen am 19 September 2008 die erste G\u00e4ste zu empfangen.<\/p>\n<p>Wir bedanken uns rechtherzlich bei:<\/p>\n<p>Nanning, Karst, Jeroen, Johan, Emiel, Joop, Willemien, Siebe, Jouke, Frans, Onno, Sander, Micky, Heit en Mem, Anke und allen die uns Unterst\u00fctzt haben.<\/p>\n<p><strong>Ohne euch h\u00e4tten wir es nie geschaft!<\/strong>[\/vc_column_text][\/vc_column][vc_column width=&#8220;1\/3&#8243;][vc_column_text]<\/p>\n<h4>Das Schiff<\/h4>\n<p>\n<!-- Page-list plugin v.5.9 wordpress.org\/plugins\/page-list\/ -->\n<ul class=\"page-list \">\n<li class=\"page_item page-item-18\"><a href=\"https:\/\/zwartevalk.net\/de\/het-schip\/\">Das Schiff<\/a><\/li>\n\n<\/ul>\n<!-- Page-list plugin v.5.9 wordpress.org\/plugins\/page-list\/ -->\n<ul class=\"page-list siblings-page-list \">\n<li class=\"page_item page-item-170\"><a href=\"https:\/\/zwartevalk.net\/de\/het-schip\/interieur\/\">Innere<\/a><\/li>\n<li class=\"page_item page-item-171\"><a href=\"https:\/\/zwartevalk.net\/de\/het-schip\/ecoschip\/\">Ecoschiff<\/a><\/li>\n<li class=\"page_item page-item-172\"><a href=\"https:\/\/zwartevalk.net\/de\/het-schip\/geschiedenis\/\">Geschichte<\/a><\/li>\n<li class=\"page_item page-item-173\"><a href=\"https:\/\/zwartevalk.net\/de\/het-schip\/restauratie\/\">Umbau<\/a><\/li>\n\n<\/ul>[\/vc_column_text][vc_media_grid element_width=&#8220;6&#8243; gap=&#8220;15&#8243; item=&#8220;mediaGrid_FadeInWithIcon&#8220; grid_id=&#8220;vc_gid:1455279802646-9cb51186-9e1d-0&#8243; include=&#8220;701,704,702,703,705,706,708,709,710,712,719,711,714,717,715,713,716,718&#8243;][\/vc_column][\/vc_row]<\/p>\n<\/div>","protected":false},"excerpt":{"rendered":"<p>[vc_row][vc_column][vc_custom_heading source=&#8220;post_title&#8220; font_container=&#8220;tag:h1|text_align:left&#8220; google_fonts=&#8220;font_family:Merriweather%3A300%2C300italic%2Cregular%2Citalic%2C700%2C700italic%2C900%2C900italic|font_style:400%20regular%3A400%3Anormal&#8220;][vc_separator][\/vc_column][\/vc_row][vc_row][vc_column width=&#8220;2\/3&#8243;][vc_column_text]Im September 2006 Zug die Zwarte Valk um von Almere nach Harlingen. In Harlingen haben wir sie aus dem Wasser holen lassen und haben die Grosse Arbeit angefangen. Die Masten runter, die Skipperwohnung aus Holz runter. Innen komplett ausgeleert, alles, alles Weg. Sogar der Motor. In Juli 2007 hat Arjoderik die [&hellip;]<\/p>\n","protected":false},"author":1,"featured_media":0,"parent":18,"menu_order":4,"comment_status":"closed","ping_status":"closed","template":"","meta":{"footnotes":""},"class_list":["post-173","page","type-page","status-publish","hentry"],"yoast_head":"<!-- This site is optimized with the Yoast SEO plugin v24.4 - https:\/\/yoast.com\/wordpress\/plugins\/seo\/ -->\n<title>Umbau - Zwarte Valk<\/title>\n<meta name=\"robots\" content=\"index, follow, max-snippet:-1, max-image-preview:large, max-video-preview:-1\" \/>\n<link rel=\"canonical\" href=\"https:\/\/zwartevalk.net\/het-schip\/restauratie\/\" \/>\n<meta property=\"og:locale\" content=\"de_DE\" \/>\n<meta property=\"og:type\" content=\"article\" \/>\n<meta property=\"og:title\" content=\"Umbau - Zwarte Valk\" \/>\n<meta property=\"og:description\" content=\"[vc_row][vc_column][vc_custom_heading source=&#8220;post_title&#8220; font_container=&#8220;tag:h1|text_align:left&#8220; google_fonts=&#8220;font_family:Merriweather%3A300%2C300italic%2Cregular%2Citalic%2C700%2C700italic%2C900%2C900italic|font_style:400%20regular%3A400%3Anormal&#8220;][vc_separator][\/vc_column][\/vc_row][vc_row][vc_column width=&#8220;2\/3&#8243;][vc_column_text]Im September 2006 Zug die Zwarte Valk um von Almere nach Harlingen. In Harlingen haben wir sie aus dem Wasser holen lassen und haben die Grosse Arbeit angefangen. Die Masten runter, die Skipperwohnung aus Holz runter. Innen komplett ausgeleert, alles, alles Weg. Sogar der Motor. In Juli 2007 hat Arjoderik die [&hellip;]\" \/>\n<meta property=\"og:url\" content=\"https:\/\/zwartevalk.net\/het-schip\/restauratie\/\" \/>\n<meta property=\"og:site_name\" content=\"Zwarte Valk\" \/>\n<meta property=\"article:modified_time\" content=\"2016-02-12T12:26:57+00:00\" \/>\n<meta name=\"twitter:card\" content=\"summary_large_image\" \/>\n<meta name=\"twitter:label1\" content=\"Gesch\u00e4tzte Lesezeit\" \/>\n\t<meta name=\"twitter:data1\" content=\"10\u00a0Minuten\" \/>\n<script type=\"application\/ld+json\" class=\"yoast-schema-graph\">{\"@context\":\"https:\/\/schema.org\",\"@graph\":[{\"@type\":\"WebPage\",\"@id\":\"https:\/\/zwartevalk.net\/het-schip\/restauratie\/\",\"url\":\"https:\/\/zwartevalk.net\/het-schip\/restauratie\/\",\"name\":\"Umbau - Zwarte Valk\",\"isPartOf\":{\"@id\":\"https:\/\/zwartevalk.net\/en\/#website\"},\"datePublished\":\"2015-12-16T12:30:38+00:00\",\"dateModified\":\"2016-02-12T12:26:57+00:00\",\"breadcrumb\":{\"@id\":\"https:\/\/zwartevalk.net\/het-schip\/restauratie\/#breadcrumb\"},\"inLanguage\":\"de\",\"potentialAction\":[{\"@type\":\"ReadAction\",\"target\":[\"https:\/\/zwartevalk.net\/het-schip\/restauratie\/\"]}]},{\"@type\":\"BreadcrumbList\",\"@id\":\"https:\/\/zwartevalk.net\/het-schip\/restauratie\/#breadcrumb\",\"itemListElement\":[{\"@type\":\"ListItem\",\"position\":1,\"name\":\"Home\",\"item\":\"https:\/\/zwartevalk.net\/\"},{\"@type\":\"ListItem\",\"position\":2,\"name\":\"Het schip\",\"item\":\"https:\/\/zwartevalk.net\/het-schip\/\"},{\"@type\":\"ListItem\",\"position\":3,\"name\":\"Restauratie\"}]},{\"@type\":\"WebSite\",\"@id\":\"https:\/\/zwartevalk.net\/en\/#website\",\"url\":\"https:\/\/zwartevalk.net\/en\/\",\"name\":\"Zwarte Valk\",\"description\":\"Just another WordPress site\",\"publisher\":{\"@id\":\"https:\/\/zwartevalk.net\/en\/#organization\"},\"potentialAction\":[{\"@type\":\"SearchAction\",\"target\":{\"@type\":\"EntryPoint\",\"urlTemplate\":\"https:\/\/zwartevalk.net\/en\/?s={search_term_string}\"},\"query-input\":{\"@type\":\"PropertyValueSpecification\",\"valueRequired\":true,\"valueName\":\"search_term_string\"}}],\"inLanguage\":\"de\"},{\"@type\":\"Organization\",\"@id\":\"https:\/\/zwartevalk.net\/en\/#organization\",\"name\":\"Zeilschip De Zwarte Valk\",\"url\":\"https:\/\/zwartevalk.net\/en\/\",\"logo\":{\"@type\":\"ImageObject\",\"inLanguage\":\"de\",\"@id\":\"https:\/\/zwartevalk.net\/en\/#\/schema\/logo\/image\/\",\"url\":\"https:\/\/zwartevalk.net\/wp-content\/uploads\/2015\/12\/logo-zwartevalk.png\",\"contentUrl\":\"https:\/\/zwartevalk.net\/wp-content\/uploads\/2015\/12\/logo-zwartevalk.png\",\"width\":600,\"height\":546,\"caption\":\"Zeilschip De Zwarte Valk\"},\"image\":{\"@id\":\"https:\/\/zwartevalk.net\/en\/#\/schema\/logo\/image\/\"}}]}<\/script>\n<!-- \/ Yoast SEO plugin. -->","yoast_head_json":{"title":"Umbau - Zwarte Valk","robots":{"index":"index","follow":"follow","max-snippet":"max-snippet:-1","max-image-preview":"max-image-preview:large","max-video-preview":"max-video-preview:-1"},"canonical":"https:\/\/zwartevalk.net\/het-schip\/restauratie\/","og_locale":"de_DE","og_type":"article","og_title":"Umbau - Zwarte Valk","og_description":"[vc_row][vc_column][vc_custom_heading source=&#8220;post_title&#8220; font_container=&#8220;tag:h1|text_align:left&#8220; google_fonts=&#8220;font_family:Merriweather%3A300%2C300italic%2Cregular%2Citalic%2C700%2C700italic%2C900%2C900italic|font_style:400%20regular%3A400%3Anormal&#8220;][vc_separator][\/vc_column][\/vc_row][vc_row][vc_column width=&#8220;2\/3&#8243;][vc_column_text]Im September 2006 Zug die Zwarte Valk um von Almere nach Harlingen. In Harlingen haben wir sie aus dem Wasser holen lassen und haben die Grosse Arbeit angefangen. Die Masten runter, die Skipperwohnung aus Holz runter. Innen komplett ausgeleert, alles, alles Weg. Sogar der Motor. In Juli 2007 hat Arjoderik die [&hellip;]","og_url":"https:\/\/zwartevalk.net\/het-schip\/restauratie\/","og_site_name":"Zwarte Valk","article_modified_time":"2016-02-12T12:26:57+00:00","twitter_card":"summary_large_image","twitter_misc":{"Gesch\u00e4tzte Lesezeit":"10\u00a0Minuten"},"schema":{"@context":"https:\/\/schema.org","@graph":[{"@type":"WebPage","@id":"https:\/\/zwartevalk.net\/het-schip\/restauratie\/","url":"https:\/\/zwartevalk.net\/het-schip\/restauratie\/","name":"Umbau - Zwarte Valk","isPartOf":{"@id":"https:\/\/zwartevalk.net\/en\/#website"},"datePublished":"2015-12-16T12:30:38+00:00","dateModified":"2016-02-12T12:26:57+00:00","breadcrumb":{"@id":"https:\/\/zwartevalk.net\/het-schip\/restauratie\/#breadcrumb"},"inLanguage":"de","potentialAction":[{"@type":"ReadAction","target":["https:\/\/zwartevalk.net\/het-schip\/restauratie\/"]}]},{"@type":"BreadcrumbList","@id":"https:\/\/zwartevalk.net\/het-schip\/restauratie\/#breadcrumb","itemListElement":[{"@type":"ListItem","position":1,"name":"Home","item":"https:\/\/zwartevalk.net\/"},{"@type":"ListItem","position":2,"name":"Het schip","item":"https:\/\/zwartevalk.net\/het-schip\/"},{"@type":"ListItem","position":3,"name":"Restauratie"}]},{"@type":"WebSite","@id":"https:\/\/zwartevalk.net\/en\/#website","url":"https:\/\/zwartevalk.net\/en\/","name":"Zwarte Valk","description":"Just another WordPress site","publisher":{"@id":"https:\/\/zwartevalk.net\/en\/#organization"},"potentialAction":[{"@type":"SearchAction","target":{"@type":"EntryPoint","urlTemplate":"https:\/\/zwartevalk.net\/en\/?s={search_term_string}"},"query-input":{"@type":"PropertyValueSpecification","valueRequired":true,"valueName":"search_term_string"}}],"inLanguage":"de"},{"@type":"Organization","@id":"https:\/\/zwartevalk.net\/en\/#organization","name":"Zeilschip De Zwarte Valk","url":"https:\/\/zwartevalk.net\/en\/","logo":{"@type":"ImageObject","inLanguage":"de","@id":"https:\/\/zwartevalk.net\/en\/#\/schema\/logo\/image\/","url":"https:\/\/zwartevalk.net\/wp-content\/uploads\/2015\/12\/logo-zwartevalk.png","contentUrl":"https:\/\/zwartevalk.net\/wp-content\/uploads\/2015\/12\/logo-zwartevalk.png","width":600,"height":546,"caption":"Zeilschip De Zwarte Valk"},"image":{"@id":"https:\/\/zwartevalk.net\/en\/#\/schema\/logo\/image\/"}}]}},"_links":{"self":[{"href":"https:\/\/zwartevalk.net\/de\/wp-json\/wp\/v2\/pages\/173","targetHints":{"allow":["GET"]}}],"collection":[{"href":"https:\/\/zwartevalk.net\/de\/wp-json\/wp\/v2\/pages"}],"about":[{"href":"https:\/\/zwartevalk.net\/de\/wp-json\/wp\/v2\/types\/page"}],"author":[{"embeddable":true,"href":"https:\/\/zwartevalk.net\/de\/wp-json\/wp\/v2\/users\/1"}],"replies":[{"embeddable":true,"href":"https:\/\/zwartevalk.net\/de\/wp-json\/wp\/v2\/comments?post=173"}],"version-history":[{"count":29,"href":"https:\/\/zwartevalk.net\/de\/wp-json\/wp\/v2\/pages\/173\/revisions"}],"predecessor-version":[{"id":760,"href":"https:\/\/zwartevalk.net\/de\/wp-json\/wp\/v2\/pages\/173\/revisions\/760"}],"up":[{"embeddable":true,"href":"https:\/\/zwartevalk.net\/de\/wp-json\/wp\/v2\/pages\/18"}],"wp:attachment":[{"href":"https:\/\/zwartevalk.net\/de\/wp-json\/wp\/v2\/media?parent=173"}],"curies":[{"name":"wp","href":"https:\/\/api.w.org\/{rel}","templated":true}]}}