{"id":172,"date":"2015-12-16T13:30:38","date_gmt":"2015-12-16T12:30:38","guid":{"rendered":"http:\/\/zwartevalk.net\/het-schip\/geschiedenis\/"},"modified":"2016-02-13T12:33:09","modified_gmt":"2016-02-13T11:33:09","slug":"geschiedenis","status":"publish","type":"page","link":"https:\/\/zwartevalk.net\/de\/het-schip\/geschiedenis\/","title":{"rendered":"Geschichte"},"content":{"rendered":"<div class=\"wpb-content-wrapper\"><p><strong>GESCHICHTE DES SCHIFFES<\/strong><\/p>\n<p>In 1889 ist die Zwarte Valk das erste mal im Wasser gelassen. Beim Schiffswerft Kalkman in Capelle aan de IJssel. Damals hiess sie &#8218;Vier Gebroeders&#8216;.<\/p>\n<p>Sie wurde gebaut als \u00a0Frachtsegler. Besonders um auch die Fl\u00fcsse hoch zu segeln. Gegen Strom segeln braucht man ein schnelles Schiff. Der &#8218;Waspikse&#8216; Hinterseite macht die &#8218;Vier Gebroeders&#8216; ein so schnelle Flussklipper.<\/p>\n<p>Bis 1956 war die &#8218;Vier Gebroeders&#8216; als Frachtsegler unterwegs, dann hat sie einen Motor bekommen und ist die Takelage runter genommen. Anfang 60er Jahren landete das Schiff in einem Bach als Munizionslager.<\/p>\n<p>So wurde sie von Evert und Gonnie Verkerk gefunden, ohne Masten, aber nat\u00fcrlich mit ihr sch\u00f6ne Linien und noch komplett ohne Beulen.<\/p>\n<p>Evert und Gonnie gingen ein ganz neuem Weg. Sie erneuerten der Takelage und tauften sie &#8218;Zwarte Valk&#8216; (schwarzer Falke) nach dem Schiff von Kapit\u00e4n Rotbart aus den Comicb\u00fccher.<\/p>\n<p>Gleichzeitig gab es noch ein paar Abenteurer die ab 1967 Segelreisen f\u00fcr zahlende G\u00e4ste anbieten. Ein grossen Tisch im Raum und ein paar Betten gegen die W\u00e4nde und loss ging es. Es war ein grossen Hit! So ist die niederl\u00e4ndische Traditionsflotte entstanden.<\/p>\n<p>In 1979 verkaufen Evert und Gonnie das Schiff an Jan Schoen. Innen wird erneuert, mit echte Kabinen, Toiletten und Duschen. Ausserdem liess er das Schiff messen und ein gezeichnetes Plan machen.<\/p>\n<p>In den 80er Jahresverkaufte auch Jan das Schiff, an die Bruder No\u00eb, Tom und Maarten. Die Kabinen, Toiletten und Duschen werden erneuert. In diese Jahre ging es die Flotte, und die Zwarte Valk, hervorragend. Verschiedene angestellte Skipper waren mit die Zwarte Valk unterwegs. Der letzte, Arno de Jong, \u00fcbernimmt das Schiff in 1999. Aus Not musste er auch wieder umbauen. Um den G\u00e4sten im Raum trocken zu halten gab es ein neues Deck aus Stahl. Und das Aufenthaltsraum wurde teilweise erneuert. Was er auch am Schiff tat sie blieb nass (Innen). Irgendwo gab es einen Leck, er hat es aber nie gefunden. Letztendlich sah er nur noch eine L\u00f6sung: Verkaufen. W\u00e4hrend der &#8218;Einkaufspr\u00fcfung&#8216; auf der Werft wurde der komplette Boden abgelehnt. Leider f\u00fcr Arno ist der verkauf nicht gelungen&#8230;. Unser Gl\u00fcck!<\/p>\n<p>Der Rest der Geschichte steht auf der Seite Renovierung.<\/p>\n<p>&nbsp;<\/p>\n<p>&nbsp;<\/p>\n<\/div>","protected":false},"excerpt":{"rendered":"<p>GESCHICHTE DES SCHIFFES In 1889 ist die Zwarte Valk das erste mal im Wasser gelassen. Beim Schiffswerft Kalkman in Capelle aan de IJssel. Damals hiess sie &#8218;Vier Gebroeders&#8216;. Sie wurde gebaut als \u00a0Frachtsegler. Besonders um auch die Fl\u00fcsse hoch zu segeln. Gegen Strom segeln braucht man ein schnelles Schiff. Der &#8218;Waspikse&#8216; Hinterseite macht die &#8218;Vier [&hellip;]<\/p>\n","protected":false},"author":1,"featured_media":0,"parent":18,"menu_order":3,"comment_status":"closed","ping_status":"closed","template":"","meta":{"footnotes":""},"class_list":["post-172","page","type-page","status-publish","hentry"],"yoast_head":"<!-- This site is optimized with the Yoast SEO plugin v24.4 - https:\/\/yoast.com\/wordpress\/plugins\/seo\/ -->\n<title>Geschichte - Zwarte Valk<\/title>\n<meta name=\"robots\" content=\"index, follow, max-snippet:-1, max-image-preview:large, max-video-preview:-1\" \/>\n<link rel=\"canonical\" href=\"https:\/\/zwartevalk.net\/het-schip\/geschiedenis\/\" \/>\n<meta property=\"og:locale\" content=\"de_DE\" \/>\n<meta property=\"og:type\" content=\"article\" \/>\n<meta property=\"og:title\" content=\"Geschichte - Zwarte Valk\" \/>\n<meta property=\"og:description\" content=\"GESCHICHTE DES SCHIFFES In 1889 ist die Zwarte Valk das erste mal im Wasser gelassen. Beim Schiffswerft Kalkman in Capelle aan de IJssel. Damals hiess sie &#8218;Vier Gebroeders&#8216;. Sie wurde gebaut als \u00a0Frachtsegler. Besonders um auch die Fl\u00fcsse hoch zu segeln. Gegen Strom segeln braucht man ein schnelles Schiff. Der &#8218;Waspikse&#8216; Hinterseite macht die &#8218;Vier [&hellip;]\" \/>\n<meta property=\"og:url\" content=\"https:\/\/zwartevalk.net\/het-schip\/geschiedenis\/\" \/>\n<meta property=\"og:site_name\" content=\"Zwarte Valk\" \/>\n<meta property=\"article:modified_time\" content=\"2016-02-13T11:33:09+00:00\" \/>\n<meta name=\"twitter:card\" content=\"summary_large_image\" \/>\n<meta name=\"twitter:label1\" content=\"Gesch\u00e4tzte Lesezeit\" \/>\n\t<meta name=\"twitter:data1\" content=\"6\u00a0Minuten\" \/>\n<script type=\"application\/ld+json\" class=\"yoast-schema-graph\">{\"@context\":\"https:\/\/schema.org\",\"@graph\":[{\"@type\":\"WebPage\",\"@id\":\"https:\/\/zwartevalk.net\/het-schip\/geschiedenis\/\",\"url\":\"https:\/\/zwartevalk.net\/het-schip\/geschiedenis\/\",\"name\":\"Geschichte - Zwarte Valk\",\"isPartOf\":{\"@id\":\"https:\/\/zwartevalk.net\/en\/#website\"},\"datePublished\":\"2015-12-16T12:30:38+00:00\",\"dateModified\":\"2016-02-13T11:33:09+00:00\",\"breadcrumb\":{\"@id\":\"https:\/\/zwartevalk.net\/het-schip\/geschiedenis\/#breadcrumb\"},\"inLanguage\":\"de\",\"potentialAction\":[{\"@type\":\"ReadAction\",\"target\":[\"https:\/\/zwartevalk.net\/het-schip\/geschiedenis\/\"]}]},{\"@type\":\"BreadcrumbList\",\"@id\":\"https:\/\/zwartevalk.net\/het-schip\/geschiedenis\/#breadcrumb\",\"itemListElement\":[{\"@type\":\"ListItem\",\"position\":1,\"name\":\"Home\",\"item\":\"https:\/\/zwartevalk.net\/\"},{\"@type\":\"ListItem\",\"position\":2,\"name\":\"Het schip\",\"item\":\"https:\/\/zwartevalk.net\/het-schip\/\"},{\"@type\":\"ListItem\",\"position\":3,\"name\":\"Geschiedenis\"}]},{\"@type\":\"WebSite\",\"@id\":\"https:\/\/zwartevalk.net\/en\/#website\",\"url\":\"https:\/\/zwartevalk.net\/en\/\",\"name\":\"Zwarte Valk\",\"description\":\"Just another WordPress site\",\"publisher\":{\"@id\":\"https:\/\/zwartevalk.net\/en\/#organization\"},\"potentialAction\":[{\"@type\":\"SearchAction\",\"target\":{\"@type\":\"EntryPoint\",\"urlTemplate\":\"https:\/\/zwartevalk.net\/en\/?s={search_term_string}\"},\"query-input\":{\"@type\":\"PropertyValueSpecification\",\"valueRequired\":true,\"valueName\":\"search_term_string\"}}],\"inLanguage\":\"de\"},{\"@type\":\"Organization\",\"@id\":\"https:\/\/zwartevalk.net\/en\/#organization\",\"name\":\"Zeilschip De Zwarte Valk\",\"url\":\"https:\/\/zwartevalk.net\/en\/\",\"logo\":{\"@type\":\"ImageObject\",\"inLanguage\":\"de\",\"@id\":\"https:\/\/zwartevalk.net\/en\/#\/schema\/logo\/image\/\",\"url\":\"https:\/\/zwartevalk.net\/wp-content\/uploads\/2015\/12\/logo-zwartevalk.png\",\"contentUrl\":\"https:\/\/zwartevalk.net\/wp-content\/uploads\/2015\/12\/logo-zwartevalk.png\",\"width\":600,\"height\":546,\"caption\":\"Zeilschip De Zwarte Valk\"},\"image\":{\"@id\":\"https:\/\/zwartevalk.net\/en\/#\/schema\/logo\/image\/\"}}]}<\/script>\n<!-- \/ Yoast SEO plugin. -->","yoast_head_json":{"title":"Geschichte - Zwarte Valk","robots":{"index":"index","follow":"follow","max-snippet":"max-snippet:-1","max-image-preview":"max-image-preview:large","max-video-preview":"max-video-preview:-1"},"canonical":"https:\/\/zwartevalk.net\/het-schip\/geschiedenis\/","og_locale":"de_DE","og_type":"article","og_title":"Geschichte - Zwarte Valk","og_description":"GESCHICHTE DES SCHIFFES In 1889 ist die Zwarte Valk das erste mal im Wasser gelassen. Beim Schiffswerft Kalkman in Capelle aan de IJssel. Damals hiess sie &#8218;Vier Gebroeders&#8216;. Sie wurde gebaut als \u00a0Frachtsegler. Besonders um auch die Fl\u00fcsse hoch zu segeln. Gegen Strom segeln braucht man ein schnelles Schiff. Der &#8218;Waspikse&#8216; Hinterseite macht die &#8218;Vier [&hellip;]","og_url":"https:\/\/zwartevalk.net\/het-schip\/geschiedenis\/","og_site_name":"Zwarte Valk","article_modified_time":"2016-02-13T11:33:09+00:00","twitter_card":"summary_large_image","twitter_misc":{"Gesch\u00e4tzte Lesezeit":"6\u00a0Minuten"},"schema":{"@context":"https:\/\/schema.org","@graph":[{"@type":"WebPage","@id":"https:\/\/zwartevalk.net\/het-schip\/geschiedenis\/","url":"https:\/\/zwartevalk.net\/het-schip\/geschiedenis\/","name":"Geschichte - Zwarte Valk","isPartOf":{"@id":"https:\/\/zwartevalk.net\/en\/#website"},"datePublished":"2015-12-16T12:30:38+00:00","dateModified":"2016-02-13T11:33:09+00:00","breadcrumb":{"@id":"https:\/\/zwartevalk.net\/het-schip\/geschiedenis\/#breadcrumb"},"inLanguage":"de","potentialAction":[{"@type":"ReadAction","target":["https:\/\/zwartevalk.net\/het-schip\/geschiedenis\/"]}]},{"@type":"BreadcrumbList","@id":"https:\/\/zwartevalk.net\/het-schip\/geschiedenis\/#breadcrumb","itemListElement":[{"@type":"ListItem","position":1,"name":"Home","item":"https:\/\/zwartevalk.net\/"},{"@type":"ListItem","position":2,"name":"Het schip","item":"https:\/\/zwartevalk.net\/het-schip\/"},{"@type":"ListItem","position":3,"name":"Geschiedenis"}]},{"@type":"WebSite","@id":"https:\/\/zwartevalk.net\/en\/#website","url":"https:\/\/zwartevalk.net\/en\/","name":"Zwarte Valk","description":"Just another WordPress site","publisher":{"@id":"https:\/\/zwartevalk.net\/en\/#organization"},"potentialAction":[{"@type":"SearchAction","target":{"@type":"EntryPoint","urlTemplate":"https:\/\/zwartevalk.net\/en\/?s={search_term_string}"},"query-input":{"@type":"PropertyValueSpecification","valueRequired":true,"valueName":"search_term_string"}}],"inLanguage":"de"},{"@type":"Organization","@id":"https:\/\/zwartevalk.net\/en\/#organization","name":"Zeilschip De Zwarte Valk","url":"https:\/\/zwartevalk.net\/en\/","logo":{"@type":"ImageObject","inLanguage":"de","@id":"https:\/\/zwartevalk.net\/en\/#\/schema\/logo\/image\/","url":"https:\/\/zwartevalk.net\/wp-content\/uploads\/2015\/12\/logo-zwartevalk.png","contentUrl":"https:\/\/zwartevalk.net\/wp-content\/uploads\/2015\/12\/logo-zwartevalk.png","width":600,"height":546,"caption":"Zeilschip De Zwarte Valk"},"image":{"@id":"https:\/\/zwartevalk.net\/en\/#\/schema\/logo\/image\/"}}]}},"_links":{"self":[{"href":"https:\/\/zwartevalk.net\/de\/wp-json\/wp\/v2\/pages\/172","targetHints":{"allow":["GET"]}}],"collection":[{"href":"https:\/\/zwartevalk.net\/de\/wp-json\/wp\/v2\/pages"}],"about":[{"href":"https:\/\/zwartevalk.net\/de\/wp-json\/wp\/v2\/types\/page"}],"author":[{"embeddable":true,"href":"https:\/\/zwartevalk.net\/de\/wp-json\/wp\/v2\/users\/1"}],"replies":[{"embeddable":true,"href":"https:\/\/zwartevalk.net\/de\/wp-json\/wp\/v2\/comments?post=172"}],"version-history":[{"count":19,"href":"https:\/\/zwartevalk.net\/de\/wp-json\/wp\/v2\/pages\/172\/revisions"}],"predecessor-version":[{"id":766,"href":"https:\/\/zwartevalk.net\/de\/wp-json\/wp\/v2\/pages\/172\/revisions\/766"}],"up":[{"embeddable":true,"href":"https:\/\/zwartevalk.net\/de\/wp-json\/wp\/v2\/pages\/18"}],"wp:attachment":[{"href":"https:\/\/zwartevalk.net\/de\/wp-json\/wp\/v2\/media?parent=172"}],"curies":[{"name":"wp","href":"https:\/\/api.w.org\/{rel}","templated":true}]}}