{"id":171,"date":"2015-12-16T13:30:38","date_gmt":"2015-12-16T12:30:38","guid":{"rendered":"http:\/\/zwartevalk.net\/het-schip\/ecoschip\/"},"modified":"2016-02-13T12:30:22","modified_gmt":"2016-02-13T11:30:22","slug":"ecoschip","status":"publish","type":"page","link":"https:\/\/zwartevalk.net\/de\/het-schip\/ecoschip\/","title":{"rendered":"Ecoschiff"},"content":{"rendered":"<div class=\"wpb-content-wrapper\"><p>[vc_row css=&#8220;.vc_custom_1450299344721{margin-bottom: 10px !important;}&#8220;][vc_column][vc_custom_heading source=&#8220;post_title&#8220; font_container=&#8220;tag:h1|text_align:left&#8220; google_fonts=&#8220;font_family:Merriweather%3A300%2C300italic%2Cregular%2Citalic%2C700%2C700italic%2C900%2C900italic|font_style:400%20regular%3A400%3Anormal&#8220;][vc_separator][\/vc_column][\/vc_row][vc_row][vc_column width=&#8220;2\/3&#8243;][vc_column_text]In\u00a02009 wurden die \u00a0<a href=\"http:\/\/www.kmvk.nl\/groenesleutel\/\" target=\"_blank\">Green Key<\/a>\u00a0Zertifikate zum ersten Mal f\u00fcr Segelschiffe anerkannt.\u00a0Green Key ist ein internationaler Standardf\u00fcr Umweltfreundliche Toerismusunternemen.[\/vc_column_text][vc_media_grid element_width=&#8220;6&#8243; gap=&#8220;15&#8243; item=&#8220;mediaGrid_FadeInWithIcon&#8220; grid_id=&#8220;vc_gid:1455361754711-d6aa8676-fe1b-2&#8243; include=&#8220;321,326,342,350&#8243; css=&#8220;.vc_custom_1455277332336{margin-bottom: 30px !important;}&#8220;][vc_column_text]<\/p>\n<h5>Die Zwarte Valk hat Gold!<\/h5>\n<p>Die Besatzung der Zwarte Valk ist sehr Stolz beteiligt zu sein in diesem Projekt.<\/p>\n<h5>Sie k\u00f6nnen auch helfen!<\/h5>\n<p>Nehmen Sie kein Einweg-Geschirr mit. Alles ist an Bord und kann nach Gebrauch in der Sp\u00fclmaschine. Es sind biologisch abbaubare Geschirr-Tabletten, Sp\u00fclmittel, Toilettenreiniger, Toilettenpapier, Allesreiniger, Seife und Shampoo an Bord.<\/p>\n<p>M\u00f6chten Sie lieber ihr eigenen Seife mit bringen?\u00a0Kein Problem! Es w\u00fcrde uns sehr freuen wenn sie eine biologische abbaubare Sorte nehmen.<br \/>\nWo es m\u00f6glich ist, geben wir unseren Schmutzwasser am Hafen ab, wenn es nicht m\u00f6glich ist, muss es leider \u00fcber Bord gepumpt werden und vor allem Seife ist sch\u00e4dlich f\u00fcr Wasserorganismen.<br \/>\nWir versuchen auch Abfall zu reduzieren. Nehmen Sie keine Einzelpackungen mit aber lieber Gro\u00dfpackungen.<\/p>\n<h5>Es ist in einfachen kleinen Dinge!<\/h5>\n<p>Bei der Renovierung haben wir viel Wert gelegt auf umweltfreundlichen Materialen und uns sehr in neue Produkte interessiert. Die meiste Lampen sind LED, das Rohbau-Holz ist FSC, die Vollendung ist niederl\u00e4ndisches Eiche, der Motor erf\u00fcllt die neuesten Anforderungen und wir versuchen der Unterhalt vom Schiff so viel wie m\u00f6glich auf der Werft zu machen.[\/vc_column_text][vc_separator style=&#8220;dotted&#8220;][\/vc_column][vc_column width=&#8220;1\/3&#8243;][vc_column_text]<\/p>\n<h4>Das Schiff<\/h4>\n<p>\n<!-- Page-list plugin v.5.9 wordpress.org\/plugins\/page-list\/ -->\n<ul class=\"page-list \">\n<li class=\"page_item page-item-18\"><a href=\"https:\/\/zwartevalk.net\/de\/het-schip\/\">Das Schiff<\/a><\/li>\n\n<\/ul>\n<!-- Page-list plugin v.5.9 wordpress.org\/plugins\/page-list\/ -->\n<ul class=\"page-list siblings-page-list \">\n<li class=\"page_item page-item-170\"><a href=\"https:\/\/zwartevalk.net\/de\/het-schip\/interieur\/\">Innere<\/a><\/li>\n<li class=\"page_item page-item-171\"><a href=\"https:\/\/zwartevalk.net\/de\/het-schip\/ecoschip\/\">Ecoschiff<\/a><\/li>\n<li class=\"page_item page-item-172\"><a href=\"https:\/\/zwartevalk.net\/de\/het-schip\/geschiedenis\/\">Geschichte<\/a><\/li>\n<li class=\"page_item page-item-173\"><a href=\"https:\/\/zwartevalk.net\/de\/het-schip\/restauratie\/\">Umbau<\/a><\/li>\n\n<\/ul>[\/vc_column_text][vc_separator][vc_column_text css=&#8220;.vc_custom_1455361850667{margin-bottom: 45px !important;}&#8220;]<strong>Jantine \u00fcber die Green Key Label:<\/strong><br \/>\n<em>\u201dDas hei\u00dft, wir sind gut f\u00fcr der Umwelt und\u00a0uns Umgebung. Wir leben auf dem Wasser und arbeiten st\u00e4ndig mit der Wind und das Wetter, deshalb sind wir sehr bewusst umweltbewusst.\u201d<\/em>[\/vc_column_text][vc_column_text]<strong>Um der Green Key zu behalten, m\u00fcssen wir bestimmte Bedingungen erf\u00fcllen. Zu diesen Kriterien geh\u00f6ren:<\/strong><\/p>\n<ul>\n<li>Unsere Mitarbeiter beteiligen in der Umweltschutz.<\/li>\n<li>Natur und Umwelt-Aktivit\u00e4ten organisieren.<\/li>\n<li>Die Verwendung von umweltfreundliche Reinigungsprodukte und Toilettenpapier.<\/li>\n<li>Viele Energie- und Wassersparma\u00dfnahmen nehmen, sowie LED lampen, Druckkn\u00f6pfe in den Duschen.<\/li>\n<\/ul>\n<p>[\/vc_column_text][\/vc_column][\/vc_row]<\/p>\n<\/div>","protected":false},"excerpt":{"rendered":"<p>[vc_row css=&#8220;.vc_custom_1450299344721{margin-bottom: 10px !important;}&#8220;][vc_column][vc_custom_heading source=&#8220;post_title&#8220; font_container=&#8220;tag:h1|text_align:left&#8220; google_fonts=&#8220;font_family:Merriweather%3A300%2C300italic%2Cregular%2Citalic%2C700%2C700italic%2C900%2C900italic|font_style:400%20regular%3A400%3Anormal&#8220;][vc_separator][\/vc_column][\/vc_row][vc_row][vc_column width=&#8220;2\/3&#8243;][vc_column_text]In\u00a02009 wurden die \u00a0Green Key\u00a0Zertifikate zum ersten Mal f\u00fcr Segelschiffe anerkannt.\u00a0Green Key ist ein internationaler Standardf\u00fcr Umweltfreundliche Toerismusunternemen.[\/vc_column_text][vc_media_grid element_width=&#8220;6&#8243; gap=&#8220;15&#8243; item=&#8220;mediaGrid_FadeInWithIcon&#8220; grid_id=&#8220;vc_gid:1455361754711-d6aa8676-fe1b-2&#8243; include=&#8220;321,326,342,350&#8243; css=&#8220;.vc_custom_1455277332336{margin-bottom: 30px !important;}&#8220;][vc_column_text] Die Zwarte Valk hat Gold! Die Besatzung der Zwarte Valk ist sehr Stolz beteiligt zu sein in diesem Projekt. Sie k\u00f6nnen auch [&hellip;]<\/p>\n","protected":false},"author":1,"featured_media":0,"parent":18,"menu_order":2,"comment_status":"closed","ping_status":"closed","template":"","meta":{"footnotes":""},"class_list":["post-171","page","type-page","status-publish","hentry"],"yoast_head":"<!-- This site is optimized with the Yoast SEO plugin v24.4 - https:\/\/yoast.com\/wordpress\/plugins\/seo\/ -->\n<title>Ecoschiff - Zwarte Valk<\/title>\n<meta name=\"robots\" content=\"index, follow, max-snippet:-1, max-image-preview:large, max-video-preview:-1\" \/>\n<link rel=\"canonical\" href=\"https:\/\/zwartevalk.net\/het-schip\/ecoschip\/\" \/>\n<meta property=\"og:locale\" content=\"de_DE\" \/>\n<meta property=\"og:type\" content=\"article\" \/>\n<meta property=\"og:title\" content=\"Ecoschiff - Zwarte Valk\" \/>\n<meta property=\"og:description\" content=\"[vc_row css=&#8220;.vc_custom_1450299344721{margin-bottom: 10px !important;}&#8220;][vc_column][vc_custom_heading source=&#8220;post_title&#8220; font_container=&#8220;tag:h1|text_align:left&#8220; google_fonts=&#8220;font_family:Merriweather%3A300%2C300italic%2Cregular%2Citalic%2C700%2C700italic%2C900%2C900italic|font_style:400%20regular%3A400%3Anormal&#8220;][vc_separator][\/vc_column][\/vc_row][vc_row][vc_column width=&#8220;2\/3&#8243;][vc_column_text]In\u00a02009 wurden die \u00a0Green Key\u00a0Zertifikate zum ersten Mal f\u00fcr Segelschiffe anerkannt.\u00a0Green Key ist ein internationaler Standardf\u00fcr Umweltfreundliche Toerismusunternemen.[\/vc_column_text][vc_media_grid element_width=&#8220;6&#8243; gap=&#8220;15&#8243; item=&#8220;mediaGrid_FadeInWithIcon&#8220; grid_id=&#8220;vc_gid:1455361754711-d6aa8676-fe1b-2&#8243; include=&#8220;321,326,342,350&#8243; css=&#8220;.vc_custom_1455277332336{margin-bottom: 30px !important;}&#8220;][vc_column_text] Die Zwarte Valk hat Gold! Die Besatzung der Zwarte Valk ist sehr Stolz beteiligt zu sein in diesem Projekt. Sie k\u00f6nnen auch [&hellip;]\" \/>\n<meta property=\"og:url\" content=\"https:\/\/zwartevalk.net\/het-schip\/ecoschip\/\" \/>\n<meta property=\"og:site_name\" content=\"Zwarte Valk\" \/>\n<meta property=\"article:modified_time\" content=\"2016-02-13T11:30:22+00:00\" \/>\n<meta name=\"twitter:card\" content=\"summary_large_image\" \/>\n<meta name=\"twitter:label1\" content=\"Gesch\u00e4tzte Lesezeit\" \/>\n\t<meta name=\"twitter:data1\" content=\"6\u00a0Minuten\" \/>\n<script type=\"application\/ld+json\" class=\"yoast-schema-graph\">{\"@context\":\"https:\/\/schema.org\",\"@graph\":[{\"@type\":\"WebPage\",\"@id\":\"https:\/\/zwartevalk.net\/het-schip\/ecoschip\/\",\"url\":\"https:\/\/zwartevalk.net\/het-schip\/ecoschip\/\",\"name\":\"Ecoschiff - Zwarte Valk\",\"isPartOf\":{\"@id\":\"https:\/\/zwartevalk.net\/en\/#website\"},\"datePublished\":\"2015-12-16T12:30:38+00:00\",\"dateModified\":\"2016-02-13T11:30:22+00:00\",\"breadcrumb\":{\"@id\":\"https:\/\/zwartevalk.net\/het-schip\/ecoschip\/#breadcrumb\"},\"inLanguage\":\"de\",\"potentialAction\":[{\"@type\":\"ReadAction\",\"target\":[\"https:\/\/zwartevalk.net\/het-schip\/ecoschip\/\"]}]},{\"@type\":\"BreadcrumbList\",\"@id\":\"https:\/\/zwartevalk.net\/het-schip\/ecoschip\/#breadcrumb\",\"itemListElement\":[{\"@type\":\"ListItem\",\"position\":1,\"name\":\"Home\",\"item\":\"https:\/\/zwartevalk.net\/\"},{\"@type\":\"ListItem\",\"position\":2,\"name\":\"Het schip\",\"item\":\"https:\/\/zwartevalk.net\/het-schip\/\"},{\"@type\":\"ListItem\",\"position\":3,\"name\":\"Ecoschip\"}]},{\"@type\":\"WebSite\",\"@id\":\"https:\/\/zwartevalk.net\/en\/#website\",\"url\":\"https:\/\/zwartevalk.net\/en\/\",\"name\":\"Zwarte Valk\",\"description\":\"Just another WordPress site\",\"publisher\":{\"@id\":\"https:\/\/zwartevalk.net\/en\/#organization\"},\"potentialAction\":[{\"@type\":\"SearchAction\",\"target\":{\"@type\":\"EntryPoint\",\"urlTemplate\":\"https:\/\/zwartevalk.net\/en\/?s={search_term_string}\"},\"query-input\":{\"@type\":\"PropertyValueSpecification\",\"valueRequired\":true,\"valueName\":\"search_term_string\"}}],\"inLanguage\":\"de\"},{\"@type\":\"Organization\",\"@id\":\"https:\/\/zwartevalk.net\/en\/#organization\",\"name\":\"Zeilschip De Zwarte Valk\",\"url\":\"https:\/\/zwartevalk.net\/en\/\",\"logo\":{\"@type\":\"ImageObject\",\"inLanguage\":\"de\",\"@id\":\"https:\/\/zwartevalk.net\/en\/#\/schema\/logo\/image\/\",\"url\":\"https:\/\/zwartevalk.net\/wp-content\/uploads\/2015\/12\/logo-zwartevalk.png\",\"contentUrl\":\"https:\/\/zwartevalk.net\/wp-content\/uploads\/2015\/12\/logo-zwartevalk.png\",\"width\":600,\"height\":546,\"caption\":\"Zeilschip De Zwarte Valk\"},\"image\":{\"@id\":\"https:\/\/zwartevalk.net\/en\/#\/schema\/logo\/image\/\"}}]}<\/script>\n<!-- \/ Yoast SEO plugin. -->","yoast_head_json":{"title":"Ecoschiff - Zwarte Valk","robots":{"index":"index","follow":"follow","max-snippet":"max-snippet:-1","max-image-preview":"max-image-preview:large","max-video-preview":"max-video-preview:-1"},"canonical":"https:\/\/zwartevalk.net\/het-schip\/ecoschip\/","og_locale":"de_DE","og_type":"article","og_title":"Ecoschiff - Zwarte Valk","og_description":"[vc_row css=&#8220;.vc_custom_1450299344721{margin-bottom: 10px !important;}&#8220;][vc_column][vc_custom_heading source=&#8220;post_title&#8220; font_container=&#8220;tag:h1|text_align:left&#8220; google_fonts=&#8220;font_family:Merriweather%3A300%2C300italic%2Cregular%2Citalic%2C700%2C700italic%2C900%2C900italic|font_style:400%20regular%3A400%3Anormal&#8220;][vc_separator][\/vc_column][\/vc_row][vc_row][vc_column width=&#8220;2\/3&#8243;][vc_column_text]In\u00a02009 wurden die \u00a0Green Key\u00a0Zertifikate zum ersten Mal f\u00fcr Segelschiffe anerkannt.\u00a0Green Key ist ein internationaler Standardf\u00fcr Umweltfreundliche Toerismusunternemen.[\/vc_column_text][vc_media_grid element_width=&#8220;6&#8243; gap=&#8220;15&#8243; item=&#8220;mediaGrid_FadeInWithIcon&#8220; grid_id=&#8220;vc_gid:1455361754711-d6aa8676-fe1b-2&#8243; include=&#8220;321,326,342,350&#8243; css=&#8220;.vc_custom_1455277332336{margin-bottom: 30px !important;}&#8220;][vc_column_text] Die Zwarte Valk hat Gold! Die Besatzung der Zwarte Valk ist sehr Stolz beteiligt zu sein in diesem Projekt. Sie k\u00f6nnen auch [&hellip;]","og_url":"https:\/\/zwartevalk.net\/het-schip\/ecoschip\/","og_site_name":"Zwarte Valk","article_modified_time":"2016-02-13T11:30:22+00:00","twitter_card":"summary_large_image","twitter_misc":{"Gesch\u00e4tzte Lesezeit":"6\u00a0Minuten"},"schema":{"@context":"https:\/\/schema.org","@graph":[{"@type":"WebPage","@id":"https:\/\/zwartevalk.net\/het-schip\/ecoschip\/","url":"https:\/\/zwartevalk.net\/het-schip\/ecoschip\/","name":"Ecoschiff - Zwarte Valk","isPartOf":{"@id":"https:\/\/zwartevalk.net\/en\/#website"},"datePublished":"2015-12-16T12:30:38+00:00","dateModified":"2016-02-13T11:30:22+00:00","breadcrumb":{"@id":"https:\/\/zwartevalk.net\/het-schip\/ecoschip\/#breadcrumb"},"inLanguage":"de","potentialAction":[{"@type":"ReadAction","target":["https:\/\/zwartevalk.net\/het-schip\/ecoschip\/"]}]},{"@type":"BreadcrumbList","@id":"https:\/\/zwartevalk.net\/het-schip\/ecoschip\/#breadcrumb","itemListElement":[{"@type":"ListItem","position":1,"name":"Home","item":"https:\/\/zwartevalk.net\/"},{"@type":"ListItem","position":2,"name":"Het schip","item":"https:\/\/zwartevalk.net\/het-schip\/"},{"@type":"ListItem","position":3,"name":"Ecoschip"}]},{"@type":"WebSite","@id":"https:\/\/zwartevalk.net\/en\/#website","url":"https:\/\/zwartevalk.net\/en\/","name":"Zwarte Valk","description":"Just another WordPress site","publisher":{"@id":"https:\/\/zwartevalk.net\/en\/#organization"},"potentialAction":[{"@type":"SearchAction","target":{"@type":"EntryPoint","urlTemplate":"https:\/\/zwartevalk.net\/en\/?s={search_term_string}"},"query-input":{"@type":"PropertyValueSpecification","valueRequired":true,"valueName":"search_term_string"}}],"inLanguage":"de"},{"@type":"Organization","@id":"https:\/\/zwartevalk.net\/en\/#organization","name":"Zeilschip De Zwarte Valk","url":"https:\/\/zwartevalk.net\/en\/","logo":{"@type":"ImageObject","inLanguage":"de","@id":"https:\/\/zwartevalk.net\/en\/#\/schema\/logo\/image\/","url":"https:\/\/zwartevalk.net\/wp-content\/uploads\/2015\/12\/logo-zwartevalk.png","contentUrl":"https:\/\/zwartevalk.net\/wp-content\/uploads\/2015\/12\/logo-zwartevalk.png","width":600,"height":546,"caption":"Zeilschip De Zwarte Valk"},"image":{"@id":"https:\/\/zwartevalk.net\/en\/#\/schema\/logo\/image\/"}}]}},"_links":{"self":[{"href":"https:\/\/zwartevalk.net\/de\/wp-json\/wp\/v2\/pages\/171","targetHints":{"allow":["GET"]}}],"collection":[{"href":"https:\/\/zwartevalk.net\/de\/wp-json\/wp\/v2\/pages"}],"about":[{"href":"https:\/\/zwartevalk.net\/de\/wp-json\/wp\/v2\/types\/page"}],"author":[{"embeddable":true,"href":"https:\/\/zwartevalk.net\/de\/wp-json\/wp\/v2\/users\/1"}],"replies":[{"embeddable":true,"href":"https:\/\/zwartevalk.net\/de\/wp-json\/wp\/v2\/comments?post=171"}],"version-history":[{"count":37,"href":"https:\/\/zwartevalk.net\/de\/wp-json\/wp\/v2\/pages\/171\/revisions"}],"predecessor-version":[{"id":765,"href":"https:\/\/zwartevalk.net\/de\/wp-json\/wp\/v2\/pages\/171\/revisions\/765"}],"up":[{"embeddable":true,"href":"https:\/\/zwartevalk.net\/de\/wp-json\/wp\/v2\/pages\/18"}],"wp:attachment":[{"href":"https:\/\/zwartevalk.net\/de\/wp-json\/wp\/v2\/media?parent=171"}],"curies":[{"name":"wp","href":"https:\/\/api.w.org\/{rel}","templated":true}]}}