{"id":170,"date":"2015-12-16T13:30:38","date_gmt":"2015-12-16T12:30:38","guid":{"rendered":"http:\/\/zwartevalk.net\/het-schip\/interieur\/"},"modified":"2016-02-04T13:10:43","modified_gmt":"2016-02-04T12:10:43","slug":"interieur","status":"publish","type":"page","link":"https:\/\/zwartevalk.net\/de\/het-schip\/interieur\/","title":{"rendered":"Innere"},"content":{"rendered":"<div class=\"wpb-content-wrapper\"><p>[vc_row css=&#8220;.vc_custom_1450456562543{margin-bottom: 10px !important;}&#8220;][vc_column][vc_custom_heading source=&#8220;post_title&#8220; font_container=&#8220;tag:h1|text_align:left&#8220; google_fonts=&#8220;font_family:Merriweather%3A300%2C300italic%2Cregular%2Citalic%2C700%2C700italic%2C900%2C900italic|font_style:400%20regular%3A400%3Anormal&#8220;][vc_separator][\/vc_column][\/vc_row][vc_row][vc_column width=&#8220;2\/3&#8243;][vc_column_text]Die Zwarte Valk ist f\u00fcr 16 G\u00e4ste eingerichtet. Vom komfortablen Sitzplatz an Deck kommt man \u00fcber\u00a0 eine halbrunde Treppe runter in den hellen und stimmungsvollen Tagesraum mit einem sch\u00f6nen gro\u00dfen Tisch und einer gem\u00fctlichen Loungebank.<br \/>\nDie ger\u00e4umige K\u00fcche ist mit allem Komfort ausgestattet, einem 6 Platten Gasherd mit Ofen und Abzugshaube, einer Geschirrsp\u00fclmaschine, zwei K\u00fchlschr\u00e4nken, einer Kaffeemaschine und einer gro\u00dfen Granit \u2013 Arbeitsplatte.[\/vc_column_text][vc_column_text]Die Kaj\u00fcten sind immer f\u00fcr zwei Personen und haben gem\u00fctliche Betten von 2 Meter L\u00e4nge mit einer Leselampe, einem Waschbecken mit flie\u00dfend kaltem und warmen Wasser, einem Heizk\u00f6rper, 220 Volt, einem Bullauge und einer Dachluke. Besonders sind die vier Kaj\u00fcten, in denen die Betten nebeneinander und nicht als Etagenbetten angeordnet sind.<\/p>\n<p>Die sanit\u00e4re Einrichtung besteht aus zwei Toiletten und zwei ger\u00e4umigen Duschen.[\/vc_column_text][vc_single_image image=&#8220;269&#8243; img_size=&#8220;685&#215;157&#8243; style=&#8220;vc_box_rounded&#8220;][vc_column_text]<span class=\"style\">In der Loungeecke steht ein Schachspiel bereit. Au\u00dferdem gibt es noch viele weitere Gesellschaftsspiele an Bord, wie z.B. Die Siedler von Catan, Herr der Ringe, Elfenland und Mah jongg. Aber auch Kartenspiele, Poker, Backgammon und Jenga fehlen nicht.<\/span>[\/vc_column_text][vc_separator style=&#8220;dotted&#8220;][vc_media_grid gap=&#8220;15&#8243; grid_id=&#8220;vc_gid:1450691830813-454e4a44-1f9f-4&#8243; include=&#8220;429,430,435,436,441,440&#8243;][\/vc_column][vc_column width=&#8220;1\/3&#8243;][vc_column_text]<\/p>\n<h4>Das Schiff<\/h4>\n<p>\n<!-- Page-list plugin v.5.9 wordpress.org\/plugins\/page-list\/ -->\n<ul class=\"page-list \">\n<li class=\"page_item page-item-18\"><a href=\"https:\/\/zwartevalk.net\/de\/het-schip\/\">Das Schiff<\/a><\/li>\n\n<\/ul>\n<!-- Page-list plugin v.5.9 wordpress.org\/plugins\/page-list\/ -->\n<ul class=\"page-list siblings-page-list \">\n<li class=\"page_item page-item-170\"><a href=\"https:\/\/zwartevalk.net\/de\/het-schip\/interieur\/\">Innere<\/a><\/li>\n<li class=\"page_item page-item-171\"><a href=\"https:\/\/zwartevalk.net\/de\/het-schip\/ecoschip\/\">Ecoschiff<\/a><\/li>\n<li class=\"page_item page-item-172\"><a href=\"https:\/\/zwartevalk.net\/de\/het-schip\/geschiedenis\/\">Geschichte<\/a><\/li>\n<li class=\"page_item page-item-173\"><a href=\"https:\/\/zwartevalk.net\/de\/het-schip\/restauratie\/\">Umbau<\/a><\/li>\n\n<\/ul>[\/vc_column_text][\/vc_column][\/vc_row]<\/p>\n<\/div>","protected":false},"excerpt":{"rendered":"<p>[vc_row css=&#8220;.vc_custom_1450456562543{margin-bottom: 10px !important;}&#8220;][vc_column][vc_custom_heading source=&#8220;post_title&#8220; font_container=&#8220;tag:h1|text_align:left&#8220; google_fonts=&#8220;font_family:Merriweather%3A300%2C300italic%2Cregular%2Citalic%2C700%2C700italic%2C900%2C900italic|font_style:400%20regular%3A400%3Anormal&#8220;][vc_separator][\/vc_column][\/vc_row][vc_row][vc_column width=&#8220;2\/3&#8243;][vc_column_text]Die Zwarte Valk ist f\u00fcr 16 G\u00e4ste eingerichtet. Vom komfortablen Sitzplatz an Deck kommt man \u00fcber\u00a0 eine halbrunde Treppe runter in den hellen und stimmungsvollen Tagesraum mit einem sch\u00f6nen gro\u00dfen Tisch und einer gem\u00fctlichen Loungebank. Die ger\u00e4umige K\u00fcche ist mit allem Komfort ausgestattet, einem 6 Platten Gasherd mit [&hellip;]<\/p>\n","protected":false},"author":1,"featured_media":0,"parent":18,"menu_order":1,"comment_status":"closed","ping_status":"closed","template":"","meta":{"footnotes":""},"class_list":["post-170","page","type-page","status-publish","hentry"],"yoast_head":"<!-- This site is optimized with the Yoast SEO plugin v24.4 - https:\/\/yoast.com\/wordpress\/plugins\/seo\/ -->\n<title>Innere - Zwarte Valk<\/title>\n<meta name=\"robots\" content=\"index, follow, max-snippet:-1, max-image-preview:large, max-video-preview:-1\" \/>\n<link rel=\"canonical\" href=\"https:\/\/zwartevalk.net\/het-schip\/interieur\/\" \/>\n<meta property=\"og:locale\" content=\"de_DE\" \/>\n<meta property=\"og:type\" content=\"article\" \/>\n<meta property=\"og:title\" content=\"Innere - Zwarte Valk\" \/>\n<meta property=\"og:description\" content=\"[vc_row css=&#8220;.vc_custom_1450456562543{margin-bottom: 10px !important;}&#8220;][vc_column][vc_custom_heading source=&#8220;post_title&#8220; font_container=&#8220;tag:h1|text_align:left&#8220; google_fonts=&#8220;font_family:Merriweather%3A300%2C300italic%2Cregular%2Citalic%2C700%2C700italic%2C900%2C900italic|font_style:400%20regular%3A400%3Anormal&#8220;][vc_separator][\/vc_column][\/vc_row][vc_row][vc_column width=&#8220;2\/3&#8243;][vc_column_text]Die Zwarte Valk ist f\u00fcr 16 G\u00e4ste eingerichtet. Vom komfortablen Sitzplatz an Deck kommt man \u00fcber\u00a0 eine halbrunde Treppe runter in den hellen und stimmungsvollen Tagesraum mit einem sch\u00f6nen gro\u00dfen Tisch und einer gem\u00fctlichen Loungebank. Die ger\u00e4umige K\u00fcche ist mit allem Komfort ausgestattet, einem 6 Platten Gasherd mit [&hellip;]\" \/>\n<meta property=\"og:url\" content=\"https:\/\/zwartevalk.net\/het-schip\/interieur\/\" \/>\n<meta property=\"og:site_name\" content=\"Zwarte Valk\" \/>\n<meta property=\"article:modified_time\" content=\"2016-02-04T12:10:43+00:00\" \/>\n<meta name=\"twitter:card\" content=\"summary_large_image\" \/>\n<meta name=\"twitter:label1\" content=\"Gesch\u00e4tzte Lesezeit\" \/>\n\t<meta name=\"twitter:data1\" content=\"4\u00a0Minuten\" \/>\n<script type=\"application\/ld+json\" class=\"yoast-schema-graph\">{\"@context\":\"https:\/\/schema.org\",\"@graph\":[{\"@type\":\"WebPage\",\"@id\":\"https:\/\/zwartevalk.net\/het-schip\/interieur\/\",\"url\":\"https:\/\/zwartevalk.net\/het-schip\/interieur\/\",\"name\":\"Innere - Zwarte Valk\",\"isPartOf\":{\"@id\":\"https:\/\/zwartevalk.net\/en\/#website\"},\"datePublished\":\"2015-12-16T12:30:38+00:00\",\"dateModified\":\"2016-02-04T12:10:43+00:00\",\"breadcrumb\":{\"@id\":\"https:\/\/zwartevalk.net\/het-schip\/interieur\/#breadcrumb\"},\"inLanguage\":\"de\",\"potentialAction\":[{\"@type\":\"ReadAction\",\"target\":[\"https:\/\/zwartevalk.net\/het-schip\/interieur\/\"]}]},{\"@type\":\"BreadcrumbList\",\"@id\":\"https:\/\/zwartevalk.net\/het-schip\/interieur\/#breadcrumb\",\"itemListElement\":[{\"@type\":\"ListItem\",\"position\":1,\"name\":\"Home\",\"item\":\"https:\/\/zwartevalk.net\/\"},{\"@type\":\"ListItem\",\"position\":2,\"name\":\"Het schip\",\"item\":\"https:\/\/zwartevalk.net\/het-schip\/\"},{\"@type\":\"ListItem\",\"position\":3,\"name\":\"Interieur\"}]},{\"@type\":\"WebSite\",\"@id\":\"https:\/\/zwartevalk.net\/en\/#website\",\"url\":\"https:\/\/zwartevalk.net\/en\/\",\"name\":\"Zwarte Valk\",\"description\":\"Just another WordPress site\",\"publisher\":{\"@id\":\"https:\/\/zwartevalk.net\/en\/#organization\"},\"potentialAction\":[{\"@type\":\"SearchAction\",\"target\":{\"@type\":\"EntryPoint\",\"urlTemplate\":\"https:\/\/zwartevalk.net\/en\/?s={search_term_string}\"},\"query-input\":{\"@type\":\"PropertyValueSpecification\",\"valueRequired\":true,\"valueName\":\"search_term_string\"}}],\"inLanguage\":\"de\"},{\"@type\":\"Organization\",\"@id\":\"https:\/\/zwartevalk.net\/en\/#organization\",\"name\":\"Zeilschip De Zwarte Valk\",\"url\":\"https:\/\/zwartevalk.net\/en\/\",\"logo\":{\"@type\":\"ImageObject\",\"inLanguage\":\"de\",\"@id\":\"https:\/\/zwartevalk.net\/en\/#\/schema\/logo\/image\/\",\"url\":\"https:\/\/zwartevalk.net\/wp-content\/uploads\/2015\/12\/logo-zwartevalk.png\",\"contentUrl\":\"https:\/\/zwartevalk.net\/wp-content\/uploads\/2015\/12\/logo-zwartevalk.png\",\"width\":600,\"height\":546,\"caption\":\"Zeilschip De Zwarte Valk\"},\"image\":{\"@id\":\"https:\/\/zwartevalk.net\/en\/#\/schema\/logo\/image\/\"}}]}<\/script>\n<!-- \/ Yoast SEO plugin. -->","yoast_head_json":{"title":"Innere - Zwarte Valk","robots":{"index":"index","follow":"follow","max-snippet":"max-snippet:-1","max-image-preview":"max-image-preview:large","max-video-preview":"max-video-preview:-1"},"canonical":"https:\/\/zwartevalk.net\/het-schip\/interieur\/","og_locale":"de_DE","og_type":"article","og_title":"Innere - Zwarte Valk","og_description":"[vc_row css=&#8220;.vc_custom_1450456562543{margin-bottom: 10px !important;}&#8220;][vc_column][vc_custom_heading source=&#8220;post_title&#8220; font_container=&#8220;tag:h1|text_align:left&#8220; google_fonts=&#8220;font_family:Merriweather%3A300%2C300italic%2Cregular%2Citalic%2C700%2C700italic%2C900%2C900italic|font_style:400%20regular%3A400%3Anormal&#8220;][vc_separator][\/vc_column][\/vc_row][vc_row][vc_column width=&#8220;2\/3&#8243;][vc_column_text]Die Zwarte Valk ist f\u00fcr 16 G\u00e4ste eingerichtet. Vom komfortablen Sitzplatz an Deck kommt man \u00fcber\u00a0 eine halbrunde Treppe runter in den hellen und stimmungsvollen Tagesraum mit einem sch\u00f6nen gro\u00dfen Tisch und einer gem\u00fctlichen Loungebank. Die ger\u00e4umige K\u00fcche ist mit allem Komfort ausgestattet, einem 6 Platten Gasherd mit [&hellip;]","og_url":"https:\/\/zwartevalk.net\/het-schip\/interieur\/","og_site_name":"Zwarte Valk","article_modified_time":"2016-02-04T12:10:43+00:00","twitter_card":"summary_large_image","twitter_misc":{"Gesch\u00e4tzte Lesezeit":"4\u00a0Minuten"},"schema":{"@context":"https:\/\/schema.org","@graph":[{"@type":"WebPage","@id":"https:\/\/zwartevalk.net\/het-schip\/interieur\/","url":"https:\/\/zwartevalk.net\/het-schip\/interieur\/","name":"Innere - Zwarte Valk","isPartOf":{"@id":"https:\/\/zwartevalk.net\/en\/#website"},"datePublished":"2015-12-16T12:30:38+00:00","dateModified":"2016-02-04T12:10:43+00:00","breadcrumb":{"@id":"https:\/\/zwartevalk.net\/het-schip\/interieur\/#breadcrumb"},"inLanguage":"de","potentialAction":[{"@type":"ReadAction","target":["https:\/\/zwartevalk.net\/het-schip\/interieur\/"]}]},{"@type":"BreadcrumbList","@id":"https:\/\/zwartevalk.net\/het-schip\/interieur\/#breadcrumb","itemListElement":[{"@type":"ListItem","position":1,"name":"Home","item":"https:\/\/zwartevalk.net\/"},{"@type":"ListItem","position":2,"name":"Het schip","item":"https:\/\/zwartevalk.net\/het-schip\/"},{"@type":"ListItem","position":3,"name":"Interieur"}]},{"@type":"WebSite","@id":"https:\/\/zwartevalk.net\/en\/#website","url":"https:\/\/zwartevalk.net\/en\/","name":"Zwarte Valk","description":"Just another WordPress site","publisher":{"@id":"https:\/\/zwartevalk.net\/en\/#organization"},"potentialAction":[{"@type":"SearchAction","target":{"@type":"EntryPoint","urlTemplate":"https:\/\/zwartevalk.net\/en\/?s={search_term_string}"},"query-input":{"@type":"PropertyValueSpecification","valueRequired":true,"valueName":"search_term_string"}}],"inLanguage":"de"},{"@type":"Organization","@id":"https:\/\/zwartevalk.net\/en\/#organization","name":"Zeilschip De Zwarte Valk","url":"https:\/\/zwartevalk.net\/en\/","logo":{"@type":"ImageObject","inLanguage":"de","@id":"https:\/\/zwartevalk.net\/en\/#\/schema\/logo\/image\/","url":"https:\/\/zwartevalk.net\/wp-content\/uploads\/2015\/12\/logo-zwartevalk.png","contentUrl":"https:\/\/zwartevalk.net\/wp-content\/uploads\/2015\/12\/logo-zwartevalk.png","width":600,"height":546,"caption":"Zeilschip De Zwarte Valk"},"image":{"@id":"https:\/\/zwartevalk.net\/en\/#\/schema\/logo\/image\/"}}]}},"_links":{"self":[{"href":"https:\/\/zwartevalk.net\/de\/wp-json\/wp\/v2\/pages\/170","targetHints":{"allow":["GET"]}}],"collection":[{"href":"https:\/\/zwartevalk.net\/de\/wp-json\/wp\/v2\/pages"}],"about":[{"href":"https:\/\/zwartevalk.net\/de\/wp-json\/wp\/v2\/types\/page"}],"author":[{"embeddable":true,"href":"https:\/\/zwartevalk.net\/de\/wp-json\/wp\/v2\/users\/1"}],"replies":[{"embeddable":true,"href":"https:\/\/zwartevalk.net\/de\/wp-json\/wp\/v2\/comments?post=170"}],"version-history":[{"count":32,"href":"https:\/\/zwartevalk.net\/de\/wp-json\/wp\/v2\/pages\/170\/revisions"}],"predecessor-version":[{"id":697,"href":"https:\/\/zwartevalk.net\/de\/wp-json\/wp\/v2\/pages\/170\/revisions\/697"}],"up":[{"embeddable":true,"href":"https:\/\/zwartevalk.net\/de\/wp-json\/wp\/v2\/pages\/18"}],"wp:attachment":[{"href":"https:\/\/zwartevalk.net\/de\/wp-json\/wp\/v2\/media?parent=170"}],"curies":[{"name":"wp","href":"https:\/\/api.w.org\/{rel}","templated":true}]}}