{"id":168,"date":"2015-12-16T13:29:40","date_gmt":"2015-12-16T12:29:40","guid":{"rendered":"http:\/\/zwartevalk.net\/zeilen\/arrangementen\/"},"modified":"2016-02-15T14:11:07","modified_gmt":"2016-02-15T13:11:07","slug":"arrangementen","status":"publish","type":"page","link":"https:\/\/zwartevalk.net\/de\/zeilen\/arrangementen\/","title":{"rendered":"Arrangement"},"content":{"rendered":"<div class=\"wpb-content-wrapper\"><p>[vc_row][vc_column width=&#8220;2\/3&#8243;][vc_custom_heading source=&#8220;post_title&#8220; font_container=&#8220;tag:h1|text_align:left&#8220; google_fonts=&#8220;font_family:Merriweather%3A300%2C300italic%2Cregular%2Citalic%2C700%2C700italic%2C900%2C900italic|font_style:400%20regular%3A400%3Anormal&#8220;][vc_separator][vc_column_text]Mit der Zwarte Valk segeln wir gerne auf das Wattenmeer, das gr\u00f6\u00dfte Naturschutzgebiet Europas. Seit 2009 sogar Welterbe.<\/p>\n<p>Der beste Art, \u00a0die Natur zu erfahren ist trocken legen auf einer Sandbank und gucken was dort lebt, am Boden des Meeres. Von Seesterne bis Einsiedlerkrebse und Garnelen und V\u00f6gel, es gibt sehr vieles zu sehen.<\/p>\n<p>Wir nehmen sie gerne mit f\u00fcr einen Wattwanderung und erkl\u00e4ren was wir finden und sehen. Zur\u00fcck an Bord k\u00f6nnen wir in B\u00fccher die Muscheln, V\u00f6gel und Watttiere suchen.<\/p>\n<p>Wenn mann das Wattleben noch n\u00e4her untersuchen m\u00f6chtet bietet sich einen Besuch an Ecomare auf Texel oder das Meeraquarium auf Terschelling an.<\/p>\n<p>Die historische St\u00e4dtchen am IJsselmeer sind alle sehr sehenswert, mit einen F\u00fchrer oder mit einen Reisef\u00fchrer vom VVV.<\/p>\n<p>In Zusammenarbeit mit verschiedene B\u00fcro&#8217;s bieten wir folgende extras an:<\/p>\n<ul>\n<li>Wanderungen mit einen Naturranger<\/li>\n<li>Strandsegeln<\/li>\n<li>\u00dcberlebens Abenteuer.<\/li>\n<li>GPS Touren<\/li>\n<li>(Kite) Surf Unterricht<\/li>\n<\/ul>\n<p>Haben sie noch andere Ideen\/W\u00fcnschen? Schreiben sie uns <a href=\"https:\/\/zwartevalk.net\/contact\/\">einen E-Mail<\/a> und wir versuchen es zu organisieren![\/vc_column_text][vc_separator style=&#8220;dotted&#8220;][\/vc_column][vc_column width=&#8220;1\/3&#8243;][vc_column_text]<\/p>\n<h4>Unterseiten<\/h4>\n<p>\n<!-- Page-list plugin v.5.9 wordpress.org\/plugins\/page-list\/ -->\n<ul class=\"page-list \">\n<li class=\"page_item page-item-9\"><a href=\"https:\/\/zwartevalk.net\/de\/zeilen\/\">Segeln<\/a><\/li>\n\n<\/ul>\n<!-- Page-list plugin v.5.9 wordpress.org\/plugins\/page-list\/ -->\n<ul class=\"page-list siblings-page-list \">\n<li class=\"page_item page-item-12\"><a href=\"https:\/\/zwartevalk.net\/de\/zeilen\/waarheen\/\">Wohin<\/a><\/li>\n<li class=\"page_item page-item-167\"><a href=\"https:\/\/zwartevalk.net\/de\/zeilen\/individueel\/\">Individuel<\/a><\/li>\n<li class=\"page_item page-item-168\"><a href=\"https:\/\/zwartevalk.net\/de\/zeilen\/arrangementen\/\">Arrangement<\/a><\/li>\n<li class=\"page_item page-item-169\"><a href=\"https:\/\/zwartevalk.net\/de\/zeilen\/handige-informatie\/\">N\u00fctzliche Information<\/a><\/li>\n<li class=\"page_item page-item-15\"><a href=\"https:\/\/zwartevalk.net\/de\/zeilen\/boek-nu\/\">Buchen<\/a><\/li>\n\n<\/ul>[\/vc_column_text][vc_separator][vc_media_grid element_width=&#8220;12&#8243; gap=&#8220;15&#8243; item=&#8220;mediaGrid_FadeInWithIcon&#8220; grid_id=&#8220;vc_gid:1455541738771-0f424cb7-7d22-8&#8243; include=&#8220;330,326&#8243;][\/vc_column][\/vc_row]<\/p>\n<\/div>","protected":false},"excerpt":{"rendered":"<p>[vc_row][vc_column width=&#8220;2\/3&#8243;][vc_custom_heading source=&#8220;post_title&#8220; font_container=&#8220;tag:h1|text_align:left&#8220; google_fonts=&#8220;font_family:Merriweather%3A300%2C300italic%2Cregular%2Citalic%2C700%2C700italic%2C900%2C900italic|font_style:400%20regular%3A400%3Anormal&#8220;][vc_separator][vc_column_text]Mit der Zwarte Valk segeln wir gerne auf das Wattenmeer, das gr\u00f6\u00dfte Naturschutzgebiet Europas. Seit 2009 sogar Welterbe. Der beste Art, \u00a0die Natur zu erfahren ist trocken legen auf einer Sandbank und gucken was dort lebt, am Boden des Meeres. Von Seesterne bis Einsiedlerkrebse und Garnelen und V\u00f6gel, es gibt sehr [&hellip;]<\/p>\n","protected":false},"author":1,"featured_media":0,"parent":9,"menu_order":2,"comment_status":"closed","ping_status":"closed","template":"","meta":{"footnotes":""},"class_list":["post-168","page","type-page","status-publish","hentry"],"yoast_head":"<!-- This site is optimized with the Yoast SEO plugin v24.4 - https:\/\/yoast.com\/wordpress\/plugins\/seo\/ -->\n<title>Arrangement - Zwarte Valk<\/title>\n<meta name=\"robots\" content=\"index, follow, max-snippet:-1, max-image-preview:large, max-video-preview:-1\" \/>\n<link rel=\"canonical\" href=\"https:\/\/zwartevalk.net\/zeilen\/arrangementen\/\" \/>\n<meta property=\"og:locale\" content=\"de_DE\" \/>\n<meta property=\"og:type\" content=\"article\" \/>\n<meta property=\"og:title\" content=\"Arrangement - Zwarte Valk\" \/>\n<meta property=\"og:description\" content=\"[vc_row][vc_column width=&#8220;2\/3&#8243;][vc_custom_heading source=&#8220;post_title&#8220; font_container=&#8220;tag:h1|text_align:left&#8220; google_fonts=&#8220;font_family:Merriweather%3A300%2C300italic%2Cregular%2Citalic%2C700%2C700italic%2C900%2C900italic|font_style:400%20regular%3A400%3Anormal&#8220;][vc_separator][vc_column_text]Mit der Zwarte Valk segeln wir gerne auf das Wattenmeer, das gr\u00f6\u00dfte Naturschutzgebiet Europas. Seit 2009 sogar Welterbe. Der beste Art, \u00a0die Natur zu erfahren ist trocken legen auf einer Sandbank und gucken was dort lebt, am Boden des Meeres. Von Seesterne bis Einsiedlerkrebse und Garnelen und V\u00f6gel, es gibt sehr [&hellip;]\" \/>\n<meta property=\"og:url\" content=\"https:\/\/zwartevalk.net\/zeilen\/arrangementen\/\" \/>\n<meta property=\"og:site_name\" content=\"Zwarte Valk\" \/>\n<meta property=\"article:modified_time\" content=\"2016-02-15T13:11:07+00:00\" \/>\n<meta name=\"twitter:card\" content=\"summary_large_image\" \/>\n<meta name=\"twitter:label1\" content=\"Gesch\u00e4tzte Lesezeit\" \/>\n\t<meta name=\"twitter:data1\" content=\"4\u00a0Minuten\" \/>\n<script type=\"application\/ld+json\" class=\"yoast-schema-graph\">{\"@context\":\"https:\/\/schema.org\",\"@graph\":[{\"@type\":\"WebPage\",\"@id\":\"https:\/\/zwartevalk.net\/zeilen\/arrangementen\/\",\"url\":\"https:\/\/zwartevalk.net\/zeilen\/arrangementen\/\",\"name\":\"Arrangement - Zwarte Valk\",\"isPartOf\":{\"@id\":\"https:\/\/zwartevalk.net\/en\/#website\"},\"datePublished\":\"2015-12-16T12:29:40+00:00\",\"dateModified\":\"2016-02-15T13:11:07+00:00\",\"breadcrumb\":{\"@id\":\"https:\/\/zwartevalk.net\/zeilen\/arrangementen\/#breadcrumb\"},\"inLanguage\":\"de\",\"potentialAction\":[{\"@type\":\"ReadAction\",\"target\":[\"https:\/\/zwartevalk.net\/zeilen\/arrangementen\/\"]}]},{\"@type\":\"BreadcrumbList\",\"@id\":\"https:\/\/zwartevalk.net\/zeilen\/arrangementen\/#breadcrumb\",\"itemListElement\":[{\"@type\":\"ListItem\",\"position\":1,\"name\":\"Home\",\"item\":\"https:\/\/zwartevalk.net\/\"},{\"@type\":\"ListItem\",\"position\":2,\"name\":\"Zeilen\",\"item\":\"https:\/\/zwartevalk.net\/zeilen\/\"},{\"@type\":\"ListItem\",\"position\":3,\"name\":\"Arrangementen\"}]},{\"@type\":\"WebSite\",\"@id\":\"https:\/\/zwartevalk.net\/en\/#website\",\"url\":\"https:\/\/zwartevalk.net\/en\/\",\"name\":\"Zwarte Valk\",\"description\":\"Just another WordPress site\",\"publisher\":{\"@id\":\"https:\/\/zwartevalk.net\/en\/#organization\"},\"potentialAction\":[{\"@type\":\"SearchAction\",\"target\":{\"@type\":\"EntryPoint\",\"urlTemplate\":\"https:\/\/zwartevalk.net\/en\/?s={search_term_string}\"},\"query-input\":{\"@type\":\"PropertyValueSpecification\",\"valueRequired\":true,\"valueName\":\"search_term_string\"}}],\"inLanguage\":\"de\"},{\"@type\":\"Organization\",\"@id\":\"https:\/\/zwartevalk.net\/en\/#organization\",\"name\":\"Zeilschip De Zwarte Valk\",\"url\":\"https:\/\/zwartevalk.net\/en\/\",\"logo\":{\"@type\":\"ImageObject\",\"inLanguage\":\"de\",\"@id\":\"https:\/\/zwartevalk.net\/en\/#\/schema\/logo\/image\/\",\"url\":\"https:\/\/zwartevalk.net\/wp-content\/uploads\/2015\/12\/logo-zwartevalk.png\",\"contentUrl\":\"https:\/\/zwartevalk.net\/wp-content\/uploads\/2015\/12\/logo-zwartevalk.png\",\"width\":600,\"height\":546,\"caption\":\"Zeilschip De Zwarte Valk\"},\"image\":{\"@id\":\"https:\/\/zwartevalk.net\/en\/#\/schema\/logo\/image\/\"}}]}<\/script>\n<!-- \/ Yoast SEO plugin. -->","yoast_head_json":{"title":"Arrangement - Zwarte Valk","robots":{"index":"index","follow":"follow","max-snippet":"max-snippet:-1","max-image-preview":"max-image-preview:large","max-video-preview":"max-video-preview:-1"},"canonical":"https:\/\/zwartevalk.net\/zeilen\/arrangementen\/","og_locale":"de_DE","og_type":"article","og_title":"Arrangement - Zwarte Valk","og_description":"[vc_row][vc_column width=&#8220;2\/3&#8243;][vc_custom_heading source=&#8220;post_title&#8220; font_container=&#8220;tag:h1|text_align:left&#8220; google_fonts=&#8220;font_family:Merriweather%3A300%2C300italic%2Cregular%2Citalic%2C700%2C700italic%2C900%2C900italic|font_style:400%20regular%3A400%3Anormal&#8220;][vc_separator][vc_column_text]Mit der Zwarte Valk segeln wir gerne auf das Wattenmeer, das gr\u00f6\u00dfte Naturschutzgebiet Europas. Seit 2009 sogar Welterbe. Der beste Art, \u00a0die Natur zu erfahren ist trocken legen auf einer Sandbank und gucken was dort lebt, am Boden des Meeres. Von Seesterne bis Einsiedlerkrebse und Garnelen und V\u00f6gel, es gibt sehr [&hellip;]","og_url":"https:\/\/zwartevalk.net\/zeilen\/arrangementen\/","og_site_name":"Zwarte Valk","article_modified_time":"2016-02-15T13:11:07+00:00","twitter_card":"summary_large_image","twitter_misc":{"Gesch\u00e4tzte Lesezeit":"4\u00a0Minuten"},"schema":{"@context":"https:\/\/schema.org","@graph":[{"@type":"WebPage","@id":"https:\/\/zwartevalk.net\/zeilen\/arrangementen\/","url":"https:\/\/zwartevalk.net\/zeilen\/arrangementen\/","name":"Arrangement - Zwarte Valk","isPartOf":{"@id":"https:\/\/zwartevalk.net\/en\/#website"},"datePublished":"2015-12-16T12:29:40+00:00","dateModified":"2016-02-15T13:11:07+00:00","breadcrumb":{"@id":"https:\/\/zwartevalk.net\/zeilen\/arrangementen\/#breadcrumb"},"inLanguage":"de","potentialAction":[{"@type":"ReadAction","target":["https:\/\/zwartevalk.net\/zeilen\/arrangementen\/"]}]},{"@type":"BreadcrumbList","@id":"https:\/\/zwartevalk.net\/zeilen\/arrangementen\/#breadcrumb","itemListElement":[{"@type":"ListItem","position":1,"name":"Home","item":"https:\/\/zwartevalk.net\/"},{"@type":"ListItem","position":2,"name":"Zeilen","item":"https:\/\/zwartevalk.net\/zeilen\/"},{"@type":"ListItem","position":3,"name":"Arrangementen"}]},{"@type":"WebSite","@id":"https:\/\/zwartevalk.net\/en\/#website","url":"https:\/\/zwartevalk.net\/en\/","name":"Zwarte Valk","description":"Just another WordPress site","publisher":{"@id":"https:\/\/zwartevalk.net\/en\/#organization"},"potentialAction":[{"@type":"SearchAction","target":{"@type":"EntryPoint","urlTemplate":"https:\/\/zwartevalk.net\/en\/?s={search_term_string}"},"query-input":{"@type":"PropertyValueSpecification","valueRequired":true,"valueName":"search_term_string"}}],"inLanguage":"de"},{"@type":"Organization","@id":"https:\/\/zwartevalk.net\/en\/#organization","name":"Zeilschip De Zwarte Valk","url":"https:\/\/zwartevalk.net\/en\/","logo":{"@type":"ImageObject","inLanguage":"de","@id":"https:\/\/zwartevalk.net\/en\/#\/schema\/logo\/image\/","url":"https:\/\/zwartevalk.net\/wp-content\/uploads\/2015\/12\/logo-zwartevalk.png","contentUrl":"https:\/\/zwartevalk.net\/wp-content\/uploads\/2015\/12\/logo-zwartevalk.png","width":600,"height":546,"caption":"Zeilschip De Zwarte Valk"},"image":{"@id":"https:\/\/zwartevalk.net\/en\/#\/schema\/logo\/image\/"}}]}},"_links":{"self":[{"href":"https:\/\/zwartevalk.net\/de\/wp-json\/wp\/v2\/pages\/168","targetHints":{"allow":["GET"]}}],"collection":[{"href":"https:\/\/zwartevalk.net\/de\/wp-json\/wp\/v2\/pages"}],"about":[{"href":"https:\/\/zwartevalk.net\/de\/wp-json\/wp\/v2\/types\/page"}],"author":[{"embeddable":true,"href":"https:\/\/zwartevalk.net\/de\/wp-json\/wp\/v2\/users\/1"}],"replies":[{"embeddable":true,"href":"https:\/\/zwartevalk.net\/de\/wp-json\/wp\/v2\/comments?post=168"}],"version-history":[{"count":12,"href":"https:\/\/zwartevalk.net\/de\/wp-json\/wp\/v2\/pages\/168\/revisions"}],"predecessor-version":[{"id":775,"href":"https:\/\/zwartevalk.net\/de\/wp-json\/wp\/v2\/pages\/168\/revisions\/775"}],"up":[{"embeddable":true,"href":"https:\/\/zwartevalk.net\/de\/wp-json\/wp\/v2\/pages\/9"}],"wp:attachment":[{"href":"https:\/\/zwartevalk.net\/de\/wp-json\/wp\/v2\/media?parent=168"}],"curies":[{"name":"wp","href":"https:\/\/api.w.org\/{rel}","templated":true}]}}