{"id":167,"date":"2015-12-16T13:29:40","date_gmt":"2015-12-16T12:29:40","guid":{"rendered":"http:\/\/zwartevalk.net\/zeilen\/individueel\/"},"modified":"2016-02-15T14:11:38","modified_gmt":"2016-02-15T13:11:38","slug":"individueel","status":"publish","type":"page","link":"https:\/\/zwartevalk.net\/de\/zeilen\/individueel\/","title":{"rendered":"Individuel"},"content":{"rendered":"<div class=\"wpb-content-wrapper\"><p>[vc_row][vc_column width=&#8220;1\/2&#8243;][vc_column_text]<strong>Segelfreizeit mit individueller Einschreibung<\/strong><\/p>\n<p>Kennen Sie keinen Gruppe mit wem Sie mit segeln k\u00f6nnen? Kein Problem!<\/p>\n<p>Die Zwarte Valk bietet auch regelm\u00e4ssig die M\u00f6glichkeit alleine, zusammen oder mit Ihre Familie an zu heuern f\u00fcr einen Segelabenteuer.<\/p>\n<p>Schauen Sie weiter f\u00fcr das aktuelle Angebot<\/p>\n<p>&nbsp;<\/p>\n<p>&nbsp;<\/p>\n<p>[\/vc_column_text][vc_single_image image=&#8220;290&#8243; img_size=&#8220;medium&#8220;][vc_column_text]<\/p>\n<p><strong>Individuelle Fahrten<\/strong><\/p>\n<p>sind inclusieve:<\/p>\n<ul>\n<li>Mahlzeiten an Bord, Kaffee\u00a0und Tee<\/li>\n<li>geteilter 2 Personen Kabine<\/li>\n<li>Bettw\u00e4sche<\/li>\n<li>Hafengeb\u00fchr, Turistensteuer\u00a0und Diesel<\/li>\n<\/ul>\n<p>&nbsp;<\/p>\n<p>und exclusieve:<\/p>\n<ul>\n<li>Getr\u00e4nke, die sind schon an Bord und werden am Ende der Fahrt berechnet<\/li>\n<li>Handt\u00fccher, die k\u00f6nnen wenn gew\u00fcnscht gemietet. \u20ac 15,00 f\u00fcr 2 Handt\u00fccher, 1 Badetuch und 1 Waschlappen.<\/li>\n<li>fahrt nach und vom Abfahrthafen<\/li>\n<li>Reise- und\/ oder Annulierungsversicherung<\/li>\n<\/ul>\n<p>[\/vc_column_text][\/vc_column][vc_column width=&#8220;1\/2&#8243;][vc_single_image image=&#8220;349&#8243; img_size=&#8220;medium&#8220;][vc_column_text]<\/p>\n<p style=\"text-align: left;\"><span style=\"color: #ff6600;\"><strong>Wattwandertour von Harlingen nach Delfzijl \u00a0<span style=\"color: #000000;\">\u00a0 \u00a0 \u00a0 \u00a0 \u00a0 \u00a0 \u00a0 \u00a0 \u00a0 \u00a0\u20ac 375,00 p.p.<\/span><\/strong><\/span><\/p>\n<p>Von Samstagabend 25 juni 2016 bis Mittwochmittag 29 juni 2016<\/p>\n<p>Am Samstagabend, 21.00 Uhr, \u00a0einschiffen und\u00a0die andere G\u00e4ste und Besatzung kennen lernen.<\/p>\n<p>Sonntagmorgen legen wir loss Richtung Osten. Je nach Wind, Wetter, die Gezeiten und die W\u00fcnsche der G\u00e4sten, nach Ameland oder Schiermonnikoog, einen Sandbank um trocken zu laufen oder irgendwo auf See vor Anker.<\/p>\n<p>Oder \u00fcber&#8217;s Lauwersmeergebiet, het Reitdiep und der Stadt Groningen.<\/p>\n<p>Wie auch immer, die Fahrt endet in Delfzijl, oder vielleicht nebenan in\u00a0Farmsum.[\/vc_column_text][vc_single_image image=&#8220;75&#8243; img_size=&#8220;medium&#8220;][\/vc_column][\/vc_row]<\/p>\n<\/div>","protected":false},"excerpt":{"rendered":"<p>[vc_row][vc_column width=&#8220;1\/2&#8243;][vc_column_text]Segelfreizeit mit individueller Einschreibung Kennen Sie keinen Gruppe mit wem Sie mit segeln k\u00f6nnen? Kein Problem! Die Zwarte Valk bietet auch regelm\u00e4ssig die M\u00f6glichkeit alleine, zusammen oder mit Ihre Familie an zu heuern f\u00fcr einen Segelabenteuer. Schauen Sie weiter f\u00fcr das aktuelle Angebot &nbsp; &nbsp; [\/vc_column_text][vc_single_image image=&#8220;290&#8243; img_size=&#8220;medium&#8220;][vc_column_text] Individuelle Fahrten sind inclusieve: Mahlzeiten an [&hellip;]<\/p>\n","protected":false},"author":1,"featured_media":0,"parent":9,"menu_order":1,"comment_status":"closed","ping_status":"closed","template":"","meta":{"footnotes":""},"class_list":["post-167","page","type-page","status-publish","hentry"],"yoast_head":"<!-- This site is optimized with the Yoast SEO plugin v24.4 - https:\/\/yoast.com\/wordpress\/plugins\/seo\/ -->\n<title>Individuel - Zwarte Valk<\/title>\n<meta name=\"robots\" content=\"index, follow, max-snippet:-1, max-image-preview:large, max-video-preview:-1\" \/>\n<link rel=\"canonical\" href=\"https:\/\/zwartevalk.net\/zeilen\/individueel\/\" \/>\n<meta property=\"og:locale\" content=\"de_DE\" \/>\n<meta property=\"og:type\" content=\"article\" \/>\n<meta property=\"og:title\" content=\"Individuel - Zwarte Valk\" \/>\n<meta property=\"og:description\" content=\"[vc_row][vc_column width=&#8220;1\/2&#8243;][vc_column_text]Segelfreizeit mit individueller Einschreibung Kennen Sie keinen Gruppe mit wem Sie mit segeln k\u00f6nnen? Kein Problem! Die Zwarte Valk bietet auch regelm\u00e4ssig die M\u00f6glichkeit alleine, zusammen oder mit Ihre Familie an zu heuern f\u00fcr einen Segelabenteuer. Schauen Sie weiter f\u00fcr das aktuelle Angebot &nbsp; &nbsp; [\/vc_column_text][vc_single_image image=&#8220;290&#8243; img_size=&#8220;medium&#8220;][vc_column_text] Individuelle Fahrten sind inclusieve: Mahlzeiten an [&hellip;]\" \/>\n<meta property=\"og:url\" content=\"https:\/\/zwartevalk.net\/zeilen\/individueel\/\" \/>\n<meta property=\"og:site_name\" content=\"Zwarte Valk\" \/>\n<meta property=\"article:modified_time\" content=\"2016-02-15T13:11:38+00:00\" \/>\n<meta name=\"twitter:card\" content=\"summary_large_image\" \/>\n<meta name=\"twitter:label1\" content=\"Gesch\u00e4tzte Lesezeit\" \/>\n\t<meta name=\"twitter:data1\" content=\"4\u00a0Minuten\" \/>\n<script type=\"application\/ld+json\" class=\"yoast-schema-graph\">{\"@context\":\"https:\/\/schema.org\",\"@graph\":[{\"@type\":\"WebPage\",\"@id\":\"https:\/\/zwartevalk.net\/zeilen\/individueel\/\",\"url\":\"https:\/\/zwartevalk.net\/zeilen\/individueel\/\",\"name\":\"Individuel - Zwarte Valk\",\"isPartOf\":{\"@id\":\"https:\/\/zwartevalk.net\/en\/#website\"},\"datePublished\":\"2015-12-16T12:29:40+00:00\",\"dateModified\":\"2016-02-15T13:11:38+00:00\",\"breadcrumb\":{\"@id\":\"https:\/\/zwartevalk.net\/zeilen\/individueel\/#breadcrumb\"},\"inLanguage\":\"de\",\"potentialAction\":[{\"@type\":\"ReadAction\",\"target\":[\"https:\/\/zwartevalk.net\/zeilen\/individueel\/\"]}]},{\"@type\":\"BreadcrumbList\",\"@id\":\"https:\/\/zwartevalk.net\/zeilen\/individueel\/#breadcrumb\",\"itemListElement\":[{\"@type\":\"ListItem\",\"position\":1,\"name\":\"Home\",\"item\":\"https:\/\/zwartevalk.net\/\"},{\"@type\":\"ListItem\",\"position\":2,\"name\":\"Zeilen\",\"item\":\"https:\/\/zwartevalk.net\/zeilen\/\"},{\"@type\":\"ListItem\",\"position\":3,\"name\":\"Individueel\"}]},{\"@type\":\"WebSite\",\"@id\":\"https:\/\/zwartevalk.net\/en\/#website\",\"url\":\"https:\/\/zwartevalk.net\/en\/\",\"name\":\"Zwarte Valk\",\"description\":\"Just another WordPress site\",\"publisher\":{\"@id\":\"https:\/\/zwartevalk.net\/en\/#organization\"},\"potentialAction\":[{\"@type\":\"SearchAction\",\"target\":{\"@type\":\"EntryPoint\",\"urlTemplate\":\"https:\/\/zwartevalk.net\/en\/?s={search_term_string}\"},\"query-input\":{\"@type\":\"PropertyValueSpecification\",\"valueRequired\":true,\"valueName\":\"search_term_string\"}}],\"inLanguage\":\"de\"},{\"@type\":\"Organization\",\"@id\":\"https:\/\/zwartevalk.net\/en\/#organization\",\"name\":\"Zeilschip De Zwarte Valk\",\"url\":\"https:\/\/zwartevalk.net\/en\/\",\"logo\":{\"@type\":\"ImageObject\",\"inLanguage\":\"de\",\"@id\":\"https:\/\/zwartevalk.net\/en\/#\/schema\/logo\/image\/\",\"url\":\"https:\/\/zwartevalk.net\/wp-content\/uploads\/2015\/12\/logo-zwartevalk.png\",\"contentUrl\":\"https:\/\/zwartevalk.net\/wp-content\/uploads\/2015\/12\/logo-zwartevalk.png\",\"width\":600,\"height\":546,\"caption\":\"Zeilschip De Zwarte Valk\"},\"image\":{\"@id\":\"https:\/\/zwartevalk.net\/en\/#\/schema\/logo\/image\/\"}}]}<\/script>\n<!-- \/ Yoast SEO plugin. -->","yoast_head_json":{"title":"Individuel - Zwarte Valk","robots":{"index":"index","follow":"follow","max-snippet":"max-snippet:-1","max-image-preview":"max-image-preview:large","max-video-preview":"max-video-preview:-1"},"canonical":"https:\/\/zwartevalk.net\/zeilen\/individueel\/","og_locale":"de_DE","og_type":"article","og_title":"Individuel - Zwarte Valk","og_description":"[vc_row][vc_column width=&#8220;1\/2&#8243;][vc_column_text]Segelfreizeit mit individueller Einschreibung Kennen Sie keinen Gruppe mit wem Sie mit segeln k\u00f6nnen? Kein Problem! Die Zwarte Valk bietet auch regelm\u00e4ssig die M\u00f6glichkeit alleine, zusammen oder mit Ihre Familie an zu heuern f\u00fcr einen Segelabenteuer. Schauen Sie weiter f\u00fcr das aktuelle Angebot &nbsp; &nbsp; [\/vc_column_text][vc_single_image image=&#8220;290&#8243; img_size=&#8220;medium&#8220;][vc_column_text] Individuelle Fahrten sind inclusieve: Mahlzeiten an [&hellip;]","og_url":"https:\/\/zwartevalk.net\/zeilen\/individueel\/","og_site_name":"Zwarte Valk","article_modified_time":"2016-02-15T13:11:38+00:00","twitter_card":"summary_large_image","twitter_misc":{"Gesch\u00e4tzte Lesezeit":"4\u00a0Minuten"},"schema":{"@context":"https:\/\/schema.org","@graph":[{"@type":"WebPage","@id":"https:\/\/zwartevalk.net\/zeilen\/individueel\/","url":"https:\/\/zwartevalk.net\/zeilen\/individueel\/","name":"Individuel - Zwarte Valk","isPartOf":{"@id":"https:\/\/zwartevalk.net\/en\/#website"},"datePublished":"2015-12-16T12:29:40+00:00","dateModified":"2016-02-15T13:11:38+00:00","breadcrumb":{"@id":"https:\/\/zwartevalk.net\/zeilen\/individueel\/#breadcrumb"},"inLanguage":"de","potentialAction":[{"@type":"ReadAction","target":["https:\/\/zwartevalk.net\/zeilen\/individueel\/"]}]},{"@type":"BreadcrumbList","@id":"https:\/\/zwartevalk.net\/zeilen\/individueel\/#breadcrumb","itemListElement":[{"@type":"ListItem","position":1,"name":"Home","item":"https:\/\/zwartevalk.net\/"},{"@type":"ListItem","position":2,"name":"Zeilen","item":"https:\/\/zwartevalk.net\/zeilen\/"},{"@type":"ListItem","position":3,"name":"Individueel"}]},{"@type":"WebSite","@id":"https:\/\/zwartevalk.net\/en\/#website","url":"https:\/\/zwartevalk.net\/en\/","name":"Zwarte Valk","description":"Just another WordPress site","publisher":{"@id":"https:\/\/zwartevalk.net\/en\/#organization"},"potentialAction":[{"@type":"SearchAction","target":{"@type":"EntryPoint","urlTemplate":"https:\/\/zwartevalk.net\/en\/?s={search_term_string}"},"query-input":{"@type":"PropertyValueSpecification","valueRequired":true,"valueName":"search_term_string"}}],"inLanguage":"de"},{"@type":"Organization","@id":"https:\/\/zwartevalk.net\/en\/#organization","name":"Zeilschip De Zwarte Valk","url":"https:\/\/zwartevalk.net\/en\/","logo":{"@type":"ImageObject","inLanguage":"de","@id":"https:\/\/zwartevalk.net\/en\/#\/schema\/logo\/image\/","url":"https:\/\/zwartevalk.net\/wp-content\/uploads\/2015\/12\/logo-zwartevalk.png","contentUrl":"https:\/\/zwartevalk.net\/wp-content\/uploads\/2015\/12\/logo-zwartevalk.png","width":600,"height":546,"caption":"Zeilschip De Zwarte Valk"},"image":{"@id":"https:\/\/zwartevalk.net\/en\/#\/schema\/logo\/image\/"}}]}},"_links":{"self":[{"href":"https:\/\/zwartevalk.net\/de\/wp-json\/wp\/v2\/pages\/167","targetHints":{"allow":["GET"]}}],"collection":[{"href":"https:\/\/zwartevalk.net\/de\/wp-json\/wp\/v2\/pages"}],"about":[{"href":"https:\/\/zwartevalk.net\/de\/wp-json\/wp\/v2\/types\/page"}],"author":[{"embeddable":true,"href":"https:\/\/zwartevalk.net\/de\/wp-json\/wp\/v2\/users\/1"}],"replies":[{"embeddable":true,"href":"https:\/\/zwartevalk.net\/de\/wp-json\/wp\/v2\/comments?post=167"}],"version-history":[{"count":13,"href":"https:\/\/zwartevalk.net\/de\/wp-json\/wp\/v2\/pages\/167\/revisions"}],"predecessor-version":[{"id":776,"href":"https:\/\/zwartevalk.net\/de\/wp-json\/wp\/v2\/pages\/167\/revisions\/776"}],"up":[{"embeddable":true,"href":"https:\/\/zwartevalk.net\/de\/wp-json\/wp\/v2\/pages\/9"}],"wp:attachment":[{"href":"https:\/\/zwartevalk.net\/de\/wp-json\/wp\/v2\/media?parent=167"}],"curies":[{"name":"wp","href":"https:\/\/api.w.org\/{rel}","templated":true}]}}