{"id":12,"date":"2015-11-20T13:39:05","date_gmt":"2015-11-20T12:39:05","guid":{"rendered":"http:\/\/zwartevalk.net\/?page_id=12"},"modified":"2016-01-12T13:51:19","modified_gmt":"2016-01-12T12:51:19","slug":"waarheen","status":"publish","type":"page","link":"https:\/\/zwartevalk.net\/de\/zeilen\/waarheen\/","title":{"rendered":"Wohin"},"content":{"rendered":"<div class=\"wpb-content-wrapper\"><p>[vc_row css=&#8220;.vc_custom_1450711051374{margin-bottom: 10px !important;}&#8220;][vc_column][vc_custom_heading source=&#8220;post_title&#8220; font_container=&#8220;tag:h1|text_align:left&#8220; google_fonts=&#8220;font_family:Merriweather%3A300%2C300italic%2Cregular%2Citalic%2C700%2C700italic%2C900%2C900italic|font_style:400%20regular%3A400%3Anormal&#8220;][vc_separator][\/vc_column][\/vc_row][vc_row][vc_column width=&#8220;2\/3&#8243;][vc_column_text]Die Zwarte Valk hat einen festen Liegeplatz in Harlingen. Unser Heimathafen liegt direkt am Wattenmeer, dem gr\u00f6\u00dften Naturschutzgebiet Europas. Wir bieten jedoch auch die M\u00f6glichkeit im Hafen von Makkum an Bord zu kommen. Makkum liegt am Ijsselmeer und ist nur durch eine Schleuse vom Wattenmeer getrennt.<\/p>\n<p>Einfach den Wind und das Wasser genie\u00dfen, die Geschichten der vielen kleinen Hafenst\u00e4dtchen entdecken, Trockenfallen auf einer Sandbank und Segeln entlang der Seehundb\u00e4nke, um nur einige M\u00f6glichkeiten zu nennen, bringen euch bei eurem Segelt\u00f6rn besonders viel Abwechslung.<\/p>\n<p>Ob ihr abends noch einen langen Spaziergang zum Strand oder durch die D\u00fcnen machen wollt, beleuchtet durch das st\u00e4ndig aufflackernde Licht der Leuchtt\u00fcrme, oder ob ihr gem\u00fctlich irgendwo auf einer Terrasse mit Blick auf den Hafen und das Meer sitzen m\u00f6chtet, wir erz\u00e4hlen euch gerne mehr von den sch\u00f6nsten Pl\u00e4tzen.[\/vc_column_text][\/vc_column][vc_column width=&#8220;1\/3&#8243;][vc_column_text]<\/p>\n<h4>Unterseiten<\/h4>\n<p>\n<!-- Page-list plugin v.5.9 wordpress.org\/plugins\/page-list\/ -->\n<ul class=\"page-list \">\n<li class=\"page_item page-item-9\"><a href=\"https:\/\/zwartevalk.net\/de\/zeilen\/\">Segeln<\/a><\/li>\n\n<\/ul>\n<!-- Page-list plugin v.5.9 wordpress.org\/plugins\/page-list\/ -->\n<ul class=\"page-list siblings-page-list \">\n<li class=\"page_item page-item-12\"><a href=\"https:\/\/zwartevalk.net\/de\/zeilen\/waarheen\/\">Wohin<\/a><\/li>\n<li class=\"page_item page-item-167\"><a href=\"https:\/\/zwartevalk.net\/de\/zeilen\/individueel\/\">Individuel<\/a><\/li>\n<li class=\"page_item page-item-168\"><a href=\"https:\/\/zwartevalk.net\/de\/zeilen\/arrangementen\/\">Arrangement<\/a><\/li>\n<li class=\"page_item page-item-169\"><a href=\"https:\/\/zwartevalk.net\/de\/zeilen\/handige-informatie\/\">N\u00fctzliche Information<\/a><\/li>\n<li class=\"page_item page-item-15\"><a href=\"https:\/\/zwartevalk.net\/de\/zeilen\/boek-nu\/\">Buchen<\/a><\/li>\n\n<\/ul>[\/vc_column_text][\/vc_column][\/vc_row][vc_row][vc_column][vc_media_grid gap=&#8220;15&#8243; item=&#8220;mediaGrid_FadeInWithIcon&#8220; grid_id=&#8220;vc_gid:1450710751474-6cdd4948-8b8b-5&#8243; include=&#8220;357,360,325&#8243;][\/vc_column][\/vc_row]<\/p>\n<\/div>","protected":false},"excerpt":{"rendered":"<p>[vc_row css=&#8220;.vc_custom_1450711051374{margin-bottom: 10px !important;}&#8220;][vc_column][vc_custom_heading source=&#8220;post_title&#8220; font_container=&#8220;tag:h1|text_align:left&#8220; google_fonts=&#8220;font_family:Merriweather%3A300%2C300italic%2Cregular%2Citalic%2C700%2C700italic%2C900%2C900italic|font_style:400%20regular%3A400%3Anormal&#8220;][vc_separator][\/vc_column][\/vc_row][vc_row][vc_column width=&#8220;2\/3&#8243;][vc_column_text]Die Zwarte Valk hat einen festen Liegeplatz in Harlingen. Unser Heimathafen liegt direkt am Wattenmeer, dem gr\u00f6\u00dften Naturschutzgebiet Europas. Wir bieten jedoch auch die M\u00f6glichkeit im Hafen von Makkum an Bord zu kommen. Makkum liegt am Ijsselmeer und ist nur durch eine Schleuse vom Wattenmeer getrennt. Einfach den [&hellip;]<\/p>\n","protected":false},"author":1,"featured_media":0,"parent":9,"menu_order":0,"comment_status":"closed","ping_status":"closed","template":"","meta":{"footnotes":""},"class_list":["post-12","page","type-page","status-publish","hentry"],"yoast_head":"<!-- This site is optimized with the Yoast SEO plugin v24.4 - https:\/\/yoast.com\/wordpress\/plugins\/seo\/ -->\n<title>Wohin - Zwarte Valk<\/title>\n<meta name=\"robots\" content=\"index, follow, max-snippet:-1, max-image-preview:large, max-video-preview:-1\" \/>\n<link rel=\"canonical\" href=\"https:\/\/zwartevalk.net\/zeilen\/waarheen\/\" \/>\n<meta property=\"og:locale\" content=\"de_DE\" \/>\n<meta property=\"og:type\" content=\"article\" \/>\n<meta property=\"og:title\" content=\"Wohin - Zwarte Valk\" \/>\n<meta property=\"og:description\" content=\"[vc_row css=&#8220;.vc_custom_1450711051374{margin-bottom: 10px !important;}&#8220;][vc_column][vc_custom_heading source=&#8220;post_title&#8220; font_container=&#8220;tag:h1|text_align:left&#8220; google_fonts=&#8220;font_family:Merriweather%3A300%2C300italic%2Cregular%2Citalic%2C700%2C700italic%2C900%2C900italic|font_style:400%20regular%3A400%3Anormal&#8220;][vc_separator][\/vc_column][\/vc_row][vc_row][vc_column width=&#8220;2\/3&#8243;][vc_column_text]Die Zwarte Valk hat einen festen Liegeplatz in Harlingen. Unser Heimathafen liegt direkt am Wattenmeer, dem gr\u00f6\u00dften Naturschutzgebiet Europas. Wir bieten jedoch auch die M\u00f6glichkeit im Hafen von Makkum an Bord zu kommen. Makkum liegt am Ijsselmeer und ist nur durch eine Schleuse vom Wattenmeer getrennt. Einfach den [&hellip;]\" \/>\n<meta property=\"og:url\" content=\"https:\/\/zwartevalk.net\/zeilen\/waarheen\/\" \/>\n<meta property=\"og:site_name\" content=\"Zwarte Valk\" \/>\n<meta property=\"article:modified_time\" content=\"2016-01-12T12:51:19+00:00\" \/>\n<meta name=\"twitter:card\" content=\"summary_large_image\" \/>\n<meta name=\"twitter:label1\" content=\"Gesch\u00e4tzte Lesezeit\" \/>\n\t<meta name=\"twitter:data1\" content=\"4\u00a0Minuten\" \/>\n<script type=\"application\/ld+json\" class=\"yoast-schema-graph\">{\"@context\":\"https:\/\/schema.org\",\"@graph\":[{\"@type\":\"WebPage\",\"@id\":\"https:\/\/zwartevalk.net\/zeilen\/waarheen\/\",\"url\":\"https:\/\/zwartevalk.net\/zeilen\/waarheen\/\",\"name\":\"Wohin - Zwarte Valk\",\"isPartOf\":{\"@id\":\"https:\/\/zwartevalk.net\/en\/#website\"},\"datePublished\":\"2015-11-20T12:39:05+00:00\",\"dateModified\":\"2016-01-12T12:51:19+00:00\",\"breadcrumb\":{\"@id\":\"https:\/\/zwartevalk.net\/zeilen\/waarheen\/#breadcrumb\"},\"inLanguage\":\"de\",\"potentialAction\":[{\"@type\":\"ReadAction\",\"target\":[\"https:\/\/zwartevalk.net\/zeilen\/waarheen\/\"]}]},{\"@type\":\"BreadcrumbList\",\"@id\":\"https:\/\/zwartevalk.net\/zeilen\/waarheen\/#breadcrumb\",\"itemListElement\":[{\"@type\":\"ListItem\",\"position\":1,\"name\":\"Home\",\"item\":\"https:\/\/zwartevalk.net\/\"},{\"@type\":\"ListItem\",\"position\":2,\"name\":\"Zeilen\",\"item\":\"https:\/\/zwartevalk.net\/zeilen\/\"},{\"@type\":\"ListItem\",\"position\":3,\"name\":\"Waarheen\"}]},{\"@type\":\"WebSite\",\"@id\":\"https:\/\/zwartevalk.net\/en\/#website\",\"url\":\"https:\/\/zwartevalk.net\/en\/\",\"name\":\"Zwarte Valk\",\"description\":\"Just another WordPress site\",\"publisher\":{\"@id\":\"https:\/\/zwartevalk.net\/en\/#organization\"},\"potentialAction\":[{\"@type\":\"SearchAction\",\"target\":{\"@type\":\"EntryPoint\",\"urlTemplate\":\"https:\/\/zwartevalk.net\/en\/?s={search_term_string}\"},\"query-input\":{\"@type\":\"PropertyValueSpecification\",\"valueRequired\":true,\"valueName\":\"search_term_string\"}}],\"inLanguage\":\"de\"},{\"@type\":\"Organization\",\"@id\":\"https:\/\/zwartevalk.net\/en\/#organization\",\"name\":\"Zeilschip De Zwarte Valk\",\"url\":\"https:\/\/zwartevalk.net\/en\/\",\"logo\":{\"@type\":\"ImageObject\",\"inLanguage\":\"de\",\"@id\":\"https:\/\/zwartevalk.net\/en\/#\/schema\/logo\/image\/\",\"url\":\"https:\/\/zwartevalk.net\/wp-content\/uploads\/2015\/12\/logo-zwartevalk.png\",\"contentUrl\":\"https:\/\/zwartevalk.net\/wp-content\/uploads\/2015\/12\/logo-zwartevalk.png\",\"width\":600,\"height\":546,\"caption\":\"Zeilschip De Zwarte Valk\"},\"image\":{\"@id\":\"https:\/\/zwartevalk.net\/en\/#\/schema\/logo\/image\/\"}}]}<\/script>\n<!-- \/ Yoast SEO plugin. -->","yoast_head_json":{"title":"Wohin - Zwarte Valk","robots":{"index":"index","follow":"follow","max-snippet":"max-snippet:-1","max-image-preview":"max-image-preview:large","max-video-preview":"max-video-preview:-1"},"canonical":"https:\/\/zwartevalk.net\/zeilen\/waarheen\/","og_locale":"de_DE","og_type":"article","og_title":"Wohin - Zwarte Valk","og_description":"[vc_row css=&#8220;.vc_custom_1450711051374{margin-bottom: 10px !important;}&#8220;][vc_column][vc_custom_heading source=&#8220;post_title&#8220; font_container=&#8220;tag:h1|text_align:left&#8220; google_fonts=&#8220;font_family:Merriweather%3A300%2C300italic%2Cregular%2Citalic%2C700%2C700italic%2C900%2C900italic|font_style:400%20regular%3A400%3Anormal&#8220;][vc_separator][\/vc_column][\/vc_row][vc_row][vc_column width=&#8220;2\/3&#8243;][vc_column_text]Die Zwarte Valk hat einen festen Liegeplatz in Harlingen. Unser Heimathafen liegt direkt am Wattenmeer, dem gr\u00f6\u00dften Naturschutzgebiet Europas. Wir bieten jedoch auch die M\u00f6glichkeit im Hafen von Makkum an Bord zu kommen. Makkum liegt am Ijsselmeer und ist nur durch eine Schleuse vom Wattenmeer getrennt. Einfach den [&hellip;]","og_url":"https:\/\/zwartevalk.net\/zeilen\/waarheen\/","og_site_name":"Zwarte Valk","article_modified_time":"2016-01-12T12:51:19+00:00","twitter_card":"summary_large_image","twitter_misc":{"Gesch\u00e4tzte Lesezeit":"4\u00a0Minuten"},"schema":{"@context":"https:\/\/schema.org","@graph":[{"@type":"WebPage","@id":"https:\/\/zwartevalk.net\/zeilen\/waarheen\/","url":"https:\/\/zwartevalk.net\/zeilen\/waarheen\/","name":"Wohin - Zwarte Valk","isPartOf":{"@id":"https:\/\/zwartevalk.net\/en\/#website"},"datePublished":"2015-11-20T12:39:05+00:00","dateModified":"2016-01-12T12:51:19+00:00","breadcrumb":{"@id":"https:\/\/zwartevalk.net\/zeilen\/waarheen\/#breadcrumb"},"inLanguage":"de","potentialAction":[{"@type":"ReadAction","target":["https:\/\/zwartevalk.net\/zeilen\/waarheen\/"]}]},{"@type":"BreadcrumbList","@id":"https:\/\/zwartevalk.net\/zeilen\/waarheen\/#breadcrumb","itemListElement":[{"@type":"ListItem","position":1,"name":"Home","item":"https:\/\/zwartevalk.net\/"},{"@type":"ListItem","position":2,"name":"Zeilen","item":"https:\/\/zwartevalk.net\/zeilen\/"},{"@type":"ListItem","position":3,"name":"Waarheen"}]},{"@type":"WebSite","@id":"https:\/\/zwartevalk.net\/en\/#website","url":"https:\/\/zwartevalk.net\/en\/","name":"Zwarte Valk","description":"Just another WordPress site","publisher":{"@id":"https:\/\/zwartevalk.net\/en\/#organization"},"potentialAction":[{"@type":"SearchAction","target":{"@type":"EntryPoint","urlTemplate":"https:\/\/zwartevalk.net\/en\/?s={search_term_string}"},"query-input":{"@type":"PropertyValueSpecification","valueRequired":true,"valueName":"search_term_string"}}],"inLanguage":"de"},{"@type":"Organization","@id":"https:\/\/zwartevalk.net\/en\/#organization","name":"Zeilschip De Zwarte Valk","url":"https:\/\/zwartevalk.net\/en\/","logo":{"@type":"ImageObject","inLanguage":"de","@id":"https:\/\/zwartevalk.net\/en\/#\/schema\/logo\/image\/","url":"https:\/\/zwartevalk.net\/wp-content\/uploads\/2015\/12\/logo-zwartevalk.png","contentUrl":"https:\/\/zwartevalk.net\/wp-content\/uploads\/2015\/12\/logo-zwartevalk.png","width":600,"height":546,"caption":"Zeilschip De Zwarte Valk"},"image":{"@id":"https:\/\/zwartevalk.net\/en\/#\/schema\/logo\/image\/"}}]}},"_links":{"self":[{"href":"https:\/\/zwartevalk.net\/de\/wp-json\/wp\/v2\/pages\/12","targetHints":{"allow":["GET"]}}],"collection":[{"href":"https:\/\/zwartevalk.net\/de\/wp-json\/wp\/v2\/pages"}],"about":[{"href":"https:\/\/zwartevalk.net\/de\/wp-json\/wp\/v2\/types\/page"}],"author":[{"embeddable":true,"href":"https:\/\/zwartevalk.net\/de\/wp-json\/wp\/v2\/users\/1"}],"replies":[{"embeddable":true,"href":"https:\/\/zwartevalk.net\/de\/wp-json\/wp\/v2\/comments?post=12"}],"version-history":[{"count":11,"href":"https:\/\/zwartevalk.net\/de\/wp-json\/wp\/v2\/pages\/12\/revisions"}],"predecessor-version":[{"id":626,"href":"https:\/\/zwartevalk.net\/de\/wp-json\/wp\/v2\/pages\/12\/revisions\/626"}],"up":[{"embeddable":true,"href":"https:\/\/zwartevalk.net\/de\/wp-json\/wp\/v2\/pages\/9"}],"wp:attachment":[{"href":"https:\/\/zwartevalk.net\/de\/wp-json\/wp\/v2\/media?parent=12"}],"curies":[{"name":"wp","href":"https:\/\/api.w.org\/{rel}","templated":true}]}}